{"id":2548,"date":"2024-03-04T11:12:39","date_gmt":"2024-03-04T14:12:39","guid":{"rendered":"https:\/\/www.alphatek.com.br\/?page_id=2548"},"modified":"2026-02-23T11:26:26","modified_gmt":"2026-02-23T14:26:26","slug":"compliance","status":"publish","type":"page","link":"https:\/\/www.alphatek.com.br\/index.php\/compliance\/","title":{"rendered":"Canal de Den\u00fancia"},"content":{"rendered":"<p>[vc_row css=&#8221;.vc_custom_1662732142236{padding-bottom: 80px !important;background-position: center !important;background-repeat: no-repeat !important;background-size: contain !important;}&#8221;][vc_column width=&#8221;1\/6&#8243;][\/vc_column][vc_column width=&#8221;2\/3&#8243;][vc_column_text]Para acessar o Canal de Den\u00fancias, clique no link abaixo e ser\u00e1 redirecionado para um ambiente externo \u00e1 nossa p\u00e1gina:<\/p>\n<p><a class=\"_ps2id\" href=\"https:\/\/alphatek.legaletica.com.br\/\" data-ps2id-offset=\"\">Link para o Canal de Den\u00fancia<\/a>[\/vc_column_text][\/vc_column][vc_column width=&#8221;1\/6&#8243;][\/vc_column][\/vc_row]<\/p>\n","protected":false},"excerpt":{"rendered":"<p>[vc_row css=&#8221;.vc_custom_1662732142236{padding-bottom: 80px !important;background-position: center !important;background-repeat: no-repeat !important;background-size: contain !important;}&#8221;][vc_column width=&#8221;1\/6&#8243;][\/vc_column][vc_column width=&#8221;2\/3&#8243;][vc_column_text]Para acessar o Canal de Den\u00fancias, clique no link abaixo e ser\u00e1 redirecionado para um ambiente externo \u00e1 nossa p\u00e1gina: Link para o Canal de Den\u00fancia[\/vc_column_text][\/vc_column][vc_column width=&#8221;1\/6&#8243;][\/vc_column][\/vc_row]<\/p>\n","protected":false},"author":1,"featured_media":0,"parent":0,"menu_order":0,"comment_status":"closed","ping_status":"closed","template":"tmpl\/template-fullwidth.php","meta":{"_themeisle_gutenberg_block_has_review":false,"footnotes":""},"class_list":["post-2548","page","type-page","status-publish","hentry"],"acf":[],"_links":{"self":[{"href":"https:\/\/www.alphatek.com.br\/index.php\/wp-json\/wp\/v2\/pages\/2548","targetHints":{"allow":["GET"]}}],"collection":[{"href":"https:\/\/www.alphatek.com.br\/index.php\/wp-json\/wp\/v2\/pages"}],"about":[{"href":"https:\/\/www.alphatek.com.br\/index.php\/wp-json\/wp\/v2\/types\/page"}],"author":[{"embeddable":true,"href":"https:\/\/www.alphatek.com.br\/index.php\/wp-json\/wp\/v2\/users\/1"}],"replies":[{"embeddable":true,"href":"https:\/\/www.alphatek.com.br\/index.php\/wp-json\/wp\/v2\/comments?post=2548"}],"version-history":[{"count":7,"href":"https:\/\/www.alphatek.com.br\/index.php\/wp-json\/wp\/v2\/pages\/2548\/revisions"}],"predecessor-version":[{"id":2563,"href":"https:\/\/www.alphatek.com.br\/index.php\/wp-json\/wp\/v2\/pages\/2548\/revisions\/2563"}],"wp:attachment":[{"href":"https:\/\/www.alphatek.com.br\/index.php\/wp-json\/wp\/v2\/media?parent=2548"}],"curies":[{"name":"wp","href":"https:\/\/api.w.org\/{rel}","templated":true}]}}