{"id":2194,"date":"2022-09-10T16:25:33","date_gmt":"2022-09-10T19:25:33","guid":{"rendered":"https:\/\/www.alphatek.com.br\/?page_id=2194"},"modified":"2023-05-02T23:19:56","modified_gmt":"2023-05-03T02:19:56","slug":"mpv","status":"publish","type":"page","link":"https:\/\/www.alphatek.com.br\/index.php\/mpv\/","title":{"rendered":"MPV"},"content":{"rendered":"<p>[vc_row css=&#8221;.vc_custom_1575620193226{padding-top: 80px !important;padding-bottom: 80px !important;background-image: url(http:\/\/localhost\/wordpress8\/wp-content\/uploads\/2018\/08\/pexels-photo-140983.jpeg?id=1002) !important;background-position: center !important;background-repeat: no-repeat !important;background-size: cover !important;}&#8221;][vc_column width=&#8221;1\/4&#8243;][\/vc_column][vc_column width=&#8221;1\/2&#8243;][vc_custom_heading text=&#8221;MPV &#8211; Monitoramento de Po\u00e7os de Visita&#8221; font_container=&#8221;tag:h2|font_size:2.875rem|text_align:center&#8221; use_theme_fonts=&#8221;yes&#8221;][vc_empty_space height=&#8221;10px&#8221;][vc_custom_heading text=&#8221;Monitore seus po\u00e7os de visita e evite obstru\u00e7\u00f5es na rede de esgoto.&#8221; font_container=&#8221;tag:div|text_align:center&#8221; use_theme_fonts=&#8221;yes&#8221;][\/vc_column][vc_column width=&#8221;1\/4&#8243;][\/vc_column][\/vc_row][vc_row][vc_column offset=&#8221;vc_hidden-sm vc_hidden-xs&#8221;][vc_widget_sidebar sidebar_id=&#8221;sidebar-5b6cfa681b024&#8243;][\/vc_column][\/vc_row][vc_row css=&#8221;.vc_custom_1536635902854{margin-bottom: 60px !important;padding-top: 60px !important;}&#8221;][vc_column css_animation=&#8221;fadeInLeft&#8221; width=&#8221;1\/2&#8243; offset=&#8221;vc_col-xs-6&#8243;][vc_single_image image=&#8221;2473&#8243; img_size=&#8221;full&#8221; alignment=&#8221;center&#8221; style=&#8221;vc_box_rounded&#8221; css_animation=&#8221;none&#8221;][vc_column_text]<\/p>\n<p>&nbsp;<\/p>\n<p><a href=\"http:\/\/www.alphatek.com.br\/wp-content\/uploads\/2023\/05\/flyer_digital_MPV_2022.pdf\">Saiba mais sobre a solu\u00e7\u00e3o no nosso Flyer (clique para descarregar)<\/a>[\/vc_column_text][\/vc_column][vc_column css_animation=&#8221;fadeInRight&#8221; width=&#8221;1\/2&#8243; offset=&#8221;vc_col-xs-6&#8243;][vc_custom_heading text=&#8221;A Alphatek Engenharia oferece solu\u00e7\u00f5es de monitoramento de po\u00e7os de visita para garantir a efici\u00eancia e seguran\u00e7a do sistema de esgoto.&#8221; use_theme_fonts=&#8221;yes&#8221;][vc_empty_space height=&#8221;40px&#8221;][vc_column_text]<\/p>\n<p style=\"text-align: left;\">A Alphatek Engenharia desenvolveu uma solu\u00e7\u00e3o inovadora para monitorar os po\u00e7os de visita em redes de esgoto. Com o uso de sensores de n\u00edvel e press\u00e3o, a solu\u00e7\u00e3o permite detectar obstru\u00e7\u00f5es e anomalias na rede, evitando transtornos como vazamentos e entupimentos. O sistema envia alertas em tempo real para os operadores, que podem tomar medidas preventivas e corretivas imediatamente. Al\u00e9m disso, a solu\u00e7\u00e3o de monitoramento de po\u00e7os de visita da Alphatek contribui para a seguran\u00e7a operacional, uma vez que reduz o risco de acidentes envolvendo o pessoal de manuten\u00e7\u00e3o da rede de esgoto.<\/p>\n<p>A solu\u00e7\u00e3o\u00a0 utiliza sensores para coletar dados sobre a condi\u00e7\u00e3o da rede de esgoto em tempo real. Esses sensores podem ser instalados em po\u00e7os de visita, permitindo o monitoramento cont\u00ednuo das condi\u00e7\u00f5es hidr\u00e1ulicas da rede de esgoto.<\/p>\n<p>Ao monitorar a rede de esgoto dessa forma, podemos detectar com precis\u00e3o as \u00e1reas problem\u00e1ticas, incluindo obstru\u00e7\u00f5es e entupimentos, antes que se tornem grandes problemas. Com a nossa solu\u00e7\u00e3o, podemos enviar alertas imediatos para os t\u00e9cnicos de campo, permitindo que eles respondam rapidamente e evitem problemas maiores.<\/p>\n<p>Al\u00e9m disso, a solu\u00e7\u00e3o de monitoramento de po\u00e7os de visita tamb\u00e9m pode ser integrada com sistemas de intelig\u00eancia artificial e aprendizado de m\u00e1quina, permitindo uma an\u00e1lise mais aprofundada dos dados coletados. Isso pode ajudar a identificar padr\u00f5es e tend\u00eancias de longo prazo na rede de esgoto, permitindo a implementa\u00e7\u00e3o de medidas preventivas para evitar problemas futuros.<\/p>\n<p>Outra vantagem dessa solu\u00e7\u00e3o \u00e9 a sua capacidade de melhorar a seguran\u00e7a operacional. Ao monitorar a rede de esgoto de forma remota, podemos reduzir a necessidade de inspe\u00e7\u00f5es manuais e diminuir os riscos de acidentes no trabalho para os t\u00e9cnicos de campo.<\/p>\n<p><strong>Em resumo, a solu\u00e7\u00e3o de monitoramento de po\u00e7os de visita da Alphatek Engenharia \u00e9 uma ferramenta essencial para a gest\u00e3o de rede de esgoto. Ela permite que as equipes de manuten\u00e7\u00e3o monitorem a rede de esgoto de forma eficiente e segura, evitando obstru\u00e7\u00f5es e entupimentos, e prevenindo problemas futuros.<\/strong>[\/vc_column_text][\/vc_column][\/vc_row][vc_row][vc_column width=&#8221;1\/6&#8243;][\/vc_column][vc_column width=&#8221;2\/3&#8243;][vc_empty_space height=&#8221;30px&#8221;][\/vc_column][vc_column width=&#8221;1\/6&#8243;][\/vc_column][\/vc_row]<\/p>\n","protected":false},"excerpt":{"rendered":"<p>[vc_row css=&#8221;.vc_custom_1575620193226{padding-top: 80px !important;padding-bottom: 80px !important;background-image: url(http:\/\/localhost\/wordpress8\/wp-content\/uploads\/2018\/08\/pexels-photo-140983.jpeg?id=1002) !important;background-position: center !important;background-repeat: no-repeat !important;background-size: cover !important;}&#8221;][vc_column width=&#8221;1\/4&#8243;][\/vc_column][vc_column width=&#8221;1\/2&#8243;][vc_custom_heading text=&#8221;MPV &#8211; Monitoramento de Po\u00e7os de Visita&#8221; font_container=&#8221;tag:h2|font_size:2.875rem|text_align:center&#8221; use_theme_fonts=&#8221;yes&#8221;][vc_empty_space height=&#8221;10px&#8221;][vc_custom_heading text=&#8221;Monitore seus po\u00e7os de visita e evite obstru\u00e7\u00f5es na rede de esgoto.&#8221; font_container=&#8221;tag:div|text_align:center&#8221; use_theme_fonts=&#8221;yes&#8221;][\/vc_column][vc_column width=&#8221;1\/4&#8243;][\/vc_column][\/vc_row][vc_row][vc_column offset=&#8221;vc_hidden-sm vc_hidden-xs&#8221;][vc_widget_sidebar sidebar_id=&#8221;sidebar-5b6cfa681b024&#8243;][\/vc_column][\/vc_row][vc_row css=&#8221;.vc_custom_1536635902854{margin-bottom: 60px !important;padding-top: 60px !important;}&#8221;][vc_column css_animation=&#8221;fadeInLeft&#8221; width=&#8221;1\/2&#8243; offset=&#8221;vc_col-xs-6&#8243;][vc_single_image image=&#8221;2473&#8243; img_size=&#8221;full&#8221; alignment=&#8221;center&#8221; [&hellip;]<\/p>\n","protected":false},"author":1,"featured_media":0,"parent":0,"menu_order":0,"comment_status":"closed","ping_status":"closed","template":"tmpl\/template-fullwidth.php","meta":{"_themeisle_gutenberg_block_has_review":false,"footnotes":""},"class_list":["post-2194","page","type-page","status-publish","hentry"],"acf":[],"_links":{"self":[{"href":"https:\/\/www.alphatek.com.br\/index.php\/wp-json\/wp\/v2\/pages\/2194","targetHints":{"allow":["GET"]}}],"collection":[{"href":"https:\/\/www.alphatek.com.br\/index.php\/wp-json\/wp\/v2\/pages"}],"about":[{"href":"https:\/\/www.alphatek.com.br\/index.php\/wp-json\/wp\/v2\/types\/page"}],"author":[{"embeddable":true,"href":"https:\/\/www.alphatek.com.br\/index.php\/wp-json\/wp\/v2\/users\/1"}],"replies":[{"embeddable":true,"href":"https:\/\/www.alphatek.com.br\/index.php\/wp-json\/wp\/v2\/comments?post=2194"}],"version-history":[{"count":8,"href":"https:\/\/www.alphatek.com.br\/index.php\/wp-json\/wp\/v2\/pages\/2194\/revisions"}],"predecessor-version":[{"id":2479,"href":"https:\/\/www.alphatek.com.br\/index.php\/wp-json\/wp\/v2\/pages\/2194\/revisions\/2479"}],"wp:attachment":[{"href":"https:\/\/www.alphatek.com.br\/index.php\/wp-json\/wp\/v2\/media?parent=2194"}],"curies":[{"name":"wp","href":"https:\/\/api.w.org\/{rel}","templated":true}]}}