{"id":2192,"date":"2022-09-10T16:25:03","date_gmt":"2022-09-10T19:25:03","guid":{"rendered":"https:\/\/www.alphatek.com.br\/?page_id=2192"},"modified":"2023-05-02T23:06:20","modified_gmt":"2023-05-03T02:06:20","slug":"sige","status":"publish","type":"page","link":"https:\/\/www.alphatek.com.br\/index.php\/sige\/","title":{"rendered":"SIGE"},"content":{"rendered":"<p>[vc_row css=&#8221;.vc_custom_1575620193226{padding-top: 80px !important;padding-bottom: 80px !important;background-image: url(http:\/\/localhost\/wordpress8\/wp-content\/uploads\/2018\/08\/pexels-photo-140983.jpeg?id=1002) !important;background-position: center !important;background-repeat: no-repeat !important;background-size: cover !important;}&#8221;][vc_column width=&#8221;1\/4&#8243;][\/vc_column][vc_column width=&#8221;1\/2&#8243;][vc_custom_heading text=&#8221;SIGE &#8211; Sistema Integrado de Gest\u00e3o de Esgoto&#8221; font_container=&#8221;tag:h2|font_size:2.875rem|text_align:center&#8221; use_theme_fonts=&#8221;yes&#8221;][vc_empty_space height=&#8221;10px&#8221;][vc_custom_heading text=&#8221;Gest\u00e3o inteligente de esgoto para maior seguran\u00e7a operacional.&#8221; font_container=&#8221;tag:div|text_align:center&#8221; use_theme_fonts=&#8221;yes&#8221;][\/vc_column][vc_column width=&#8221;1\/4&#8243;][\/vc_column][\/vc_row][vc_row][vc_column offset=&#8221;vc_hidden-sm vc_hidden-xs&#8221;][vc_widget_sidebar sidebar_id=&#8221;sidebar-5b6cfa681b024&#8243;][\/vc_column][\/vc_row][vc_row css=&#8221;.vc_custom_1536635902854{margin-bottom: 60px !important;padding-top: 60px !important;}&#8221;][vc_column css_animation=&#8221;fadeInLeft&#8221; width=&#8221;1\/2&#8243; offset=&#8221;vc_col-xs-6&#8243;][vc_single_image image=&#8221;2450&#8243; img_size=&#8221;full&#8221; alignment=&#8221;center&#8221; style=&#8221;vc_box_rounded&#8221; css_animation=&#8221;none&#8221;][vc_column_text]<\/p>\n<p>&nbsp;<\/p>\n<p>&nbsp;<\/p>\n<p><a href=\"http:\/\/www.alphatek.com.br\/wp-content\/uploads\/2023\/05\/flyer_digital_SIGE_2022.pdf\">Saiba mais sobre a solu\u00e7\u00e3o no nosso Flyer (clique para descarregar)<\/a>[\/vc_column_text][\/vc_column][vc_column css_animation=&#8221;fadeInRight&#8221; width=&#8221;1\/2&#8243; offset=&#8221;vc_col-xs-6&#8243;][vc_custom_heading text=&#8221;Solu\u00e7\u00f5es integradas para gest\u00e3o de esgoto com seguran\u00e7a operacional e intelig\u00eancia artificial.&#8221; use_theme_fonts=&#8221;yes&#8221;][vc_empty_space height=&#8221;40px&#8221;][vc_column_text]O SIGE, Sistema Integrado de Gest\u00e3o de Esgoto, \u00e9 uma solu\u00e7\u00e3o desenvolvida pela Alphatek Engenharia para otimizar a gest\u00e3o e controle de sistemas de tratamento de esgoto. Com o uso de tecnologia de ponta e a expertise de nossos profissionais, o SIGE possibilita monitoramento em tempo real dos processos, proporcionando maior efici\u00eancia e redu\u00e7\u00e3o de custos.<\/p>\n<p>Atrav\u00e9s de uma interface intuitiva, o SIGE possibilita a visualiza\u00e7\u00e3o de todos os dados coletados pelos sensores e instrumentos de medi\u00e7\u00e3o instalados nos sistemas de tratamento, al\u00e9m de realizar o controle de processos de forma autom\u00e1tica, com base em par\u00e2metros preestabelecidos.<\/p>\n<p>Com a utiliza\u00e7\u00e3o de intelig\u00eancia artificial, o SIGE \u00e9 capaz de analisar dados em tempo real e fornecer insights valiosos para aprimorar a gest\u00e3o dos sistemas, reduzir desperd\u00edcios e aumentar a efici\u00eancia energ\u00e9tica.<\/p>\n<p>Al\u00e9m disso, o SIGE oferece ferramentas para gest\u00e3o de manuten\u00e7\u00e3o preventiva, com registros de hist\u00f3rico de manuten\u00e7\u00f5es e o monitoramento das condi\u00e7\u00f5es dos equipamentos, garantindo maior vida \u00fatil e efici\u00eancia operacional dos sistemas de tratamento de esgoto.<\/p>\n<p>O SIGE \u00e9 uma solu\u00e7\u00e3o completa e eficaz para a gest\u00e3o de sistemas de tratamento de esgoto, contribuindo para a preserva\u00e7\u00e3o ambiental e a qualidade de vida da popula\u00e7\u00e3o.<\/p>\n<p>O SIGE &#8211; Sistema Integrado de Gest\u00e3o de Esgoto \u00e9 fornecido como uma solu\u00e7\u00e3o chave na m\u00e3o que permite o controle completo do sistema de esgoto, desde a coleta at\u00e9 o tratamento. Al\u00e9m disso, oferecemos a capacidade de recuperar bombas em falha e utilizamos intelig\u00eancia artificial para adaptar as condi\u00e7\u00f5es de eleva\u00e7\u00e3o do esgoto, garantindo a melhor efici\u00eancia do sistema.<\/p>\n<p><strong>Com o SIGE, voc\u00ea tem a certeza de estar utilizando a tecnologia mais avan\u00e7ada do mercado para garantir o melhor desempenho do seu sistema de esgoto.<\/strong>[\/vc_column_text][\/vc_column][\/vc_row][vc_row][vc_column width=&#8221;1\/6&#8243;][\/vc_column][vc_column width=&#8221;2\/3&#8243;][vc_empty_space height=&#8221;30px&#8221;][\/vc_column][vc_column width=&#8221;1\/6&#8243;][\/vc_column][\/vc_row]<\/p>\n","protected":false},"excerpt":{"rendered":"<p>[vc_row css=&#8221;.vc_custom_1575620193226{padding-top: 80px !important;padding-bottom: 80px !important;background-image: url(http:\/\/localhost\/wordpress8\/wp-content\/uploads\/2018\/08\/pexels-photo-140983.jpeg?id=1002) !important;background-position: center !important;background-repeat: no-repeat !important;background-size: cover !important;}&#8221;][vc_column width=&#8221;1\/4&#8243;][\/vc_column][vc_column width=&#8221;1\/2&#8243;][vc_custom_heading text=&#8221;SIGE &#8211; Sistema Integrado de Gest\u00e3o de Esgoto&#8221; font_container=&#8221;tag:h2|font_size:2.875rem|text_align:center&#8221; use_theme_fonts=&#8221;yes&#8221;][vc_empty_space height=&#8221;10px&#8221;][vc_custom_heading text=&#8221;Gest\u00e3o inteligente de esgoto para maior seguran\u00e7a operacional.&#8221; font_container=&#8221;tag:div|text_align:center&#8221; use_theme_fonts=&#8221;yes&#8221;][\/vc_column][vc_column width=&#8221;1\/4&#8243;][\/vc_column][\/vc_row][vc_row][vc_column offset=&#8221;vc_hidden-sm vc_hidden-xs&#8221;][vc_widget_sidebar sidebar_id=&#8221;sidebar-5b6cfa681b024&#8243;][\/vc_column][\/vc_row][vc_row css=&#8221;.vc_custom_1536635902854{margin-bottom: 60px !important;padding-top: 60px !important;}&#8221;][vc_column css_animation=&#8221;fadeInLeft&#8221; width=&#8221;1\/2&#8243; offset=&#8221;vc_col-xs-6&#8243;][vc_single_image image=&#8221;2450&#8243; img_size=&#8221;full&#8221; alignment=&#8221;center&#8221; style=&#8221;vc_box_rounded&#8221; css_animation=&#8221;none&#8221;][vc_column_text] &nbsp; [&hellip;]<\/p>\n","protected":false},"author":1,"featured_media":0,"parent":0,"menu_order":0,"comment_status":"closed","ping_status":"closed","template":"tmpl\/template-fullwidth.php","meta":{"_themeisle_gutenberg_block_has_review":false,"footnotes":""},"class_list":["post-2192","page","type-page","status-publish","hentry"],"acf":[],"_links":{"self":[{"href":"https:\/\/www.alphatek.com.br\/index.php\/wp-json\/wp\/v2\/pages\/2192","targetHints":{"allow":["GET"]}}],"collection":[{"href":"https:\/\/www.alphatek.com.br\/index.php\/wp-json\/wp\/v2\/pages"}],"about":[{"href":"https:\/\/www.alphatek.com.br\/index.php\/wp-json\/wp\/v2\/types\/page"}],"author":[{"embeddable":true,"href":"https:\/\/www.alphatek.com.br\/index.php\/wp-json\/wp\/v2\/users\/1"}],"replies":[{"embeddable":true,"href":"https:\/\/www.alphatek.com.br\/index.php\/wp-json\/wp\/v2\/comments?post=2192"}],"version-history":[{"count":6,"href":"https:\/\/www.alphatek.com.br\/index.php\/wp-json\/wp\/v2\/pages\/2192\/revisions"}],"predecessor-version":[{"id":2468,"href":"https:\/\/www.alphatek.com.br\/index.php\/wp-json\/wp\/v2\/pages\/2192\/revisions\/2468"}],"wp:attachment":[{"href":"https:\/\/www.alphatek.com.br\/index.php\/wp-json\/wp\/v2\/media?parent=2192"}],"curies":[{"name":"wp","href":"https:\/\/api.w.org\/{rel}","templated":true}]}}