{"id":2190,"date":"2022-09-10T16:24:18","date_gmt":"2022-09-10T19:24:18","guid":{"rendered":"https:\/\/www.alphatek.com.br\/?page_id=2190"},"modified":"2023-05-02T22:56:59","modified_gmt":"2023-05-03T01:56:59","slug":"siga","status":"publish","type":"page","link":"https:\/\/www.alphatek.com.br\/index.php\/siga\/","title":{"rendered":"SIGA"},"content":{"rendered":"<p>[vc_row css=&#8221;.vc_custom_1575620193226{padding-top: 80px !important;padding-bottom: 80px !important;background-image: url(http:\/\/localhost\/wordpress8\/wp-content\/uploads\/2018\/08\/pexels-photo-140983.jpeg?id=1002) !important;background-position: center !important;background-repeat: no-repeat !important;background-size: cover !important;}&#8221;][vc_column width=&#8221;1\/4&#8243;][\/vc_column][vc_column width=&#8221;1\/2&#8243;][vc_custom_heading text=&#8221;SIGA &#8211; Sistema Integrado de Gest\u00e3o de Abastecimento&#8221; font_container=&#8221;tag:h2|font_size:2.875rem|text_align:center&#8221; use_theme_fonts=&#8221;yes&#8221;][vc_empty_space height=&#8221;10px&#8221;][vc_custom_heading text=&#8221;Intelig\u00eancia artificial para gest\u00e3o de abastecimento.&#8221; font_container=&#8221;tag:div|text_align:center&#8221; use_theme_fonts=&#8221;yes&#8221;][\/vc_column][vc_column width=&#8221;1\/4&#8243;][\/vc_column][\/vc_row][vc_row][vc_column offset=&#8221;vc_hidden-sm vc_hidden-xs&#8221;][vc_widget_sidebar sidebar_id=&#8221;sidebar-5b6cfa681b024&#8243;][\/vc_column][\/vc_row][vc_row css=&#8221;.vc_custom_1536635902854{margin-bottom: 60px !important;padding-top: 60px !important;}&#8221;][vc_column css_animation=&#8221;fadeInLeft&#8221; width=&#8221;1\/2&#8243; offset=&#8221;vc_col-xs-6&#8243;][vc_single_image image=&#8221;2445&#8243; img_size=&#8221;full&#8221; alignment=&#8221;center&#8221; style=&#8221;vc_box_rounded&#8221; css_animation=&#8221;none&#8221;][vc_column_text]<\/p>\n<p>&nbsp;<\/p>\n<p>&nbsp;<\/p>\n<p><a href=\"http:\/\/www.alphatek.com.br\/wp-content\/uploads\/2023\/05\/flyer_digital_SIGA_2022.pdf\">Saiba mais sobre a solu\u00e7\u00e3o no nosso Flyer (clique para descarregar)<\/a>[\/vc_column_text][\/vc_column][vc_column css_animation=&#8221;fadeInRight&#8221; width=&#8221;1\/2&#8243; offset=&#8221;vc_col-xs-6&#8243;][vc_custom_heading text=&#8221;O SIGA &#8211; Sistema Integrado de Gest\u00e3o de Abastecimento \u00e9 uma solu\u00e7\u00e3o avan\u00e7ada que utiliza intelig\u00eancia artificial para otimizar o processo de abastecimento de \u00e1gua.&#8221; use_theme_fonts=&#8221;yes&#8221;][vc_empty_space height=&#8221;40px&#8221;][vc_column_text]O SIGA, ou Sistema Integrado de Gest\u00e3o de Abastecimento, \u00e9 uma solu\u00e7\u00e3o desenvolvida pela Alphatek Engenharia para gerenciamento e monitoramento de sistemas de abastecimento de \u00e1gua. O SIGA \u00e9 uma plataforma integrada que utiliza tecnologias de telemetria e automa\u00e7\u00e3o para coletar e processar dados em tempo real, permitindo a gest\u00e3o eficiente e segura de sistemas de grande porte.<\/p>\n<p>Atrav\u00e9s do SIGA, \u00e9 poss\u00edvel controlar a capta\u00e7\u00e3o, tratamento e distribui\u00e7\u00e3o de \u00e1gua, al\u00e9m de monitorar o consumo e detectar eventuais vazamentos e falhas no sistema. A plataforma permite ainda a programa\u00e7\u00e3o de alarmes e a\u00e7\u00f5es preventivas, minimizando riscos e reduzindo custos operacionais.<\/p>\n<p>Com o avan\u00e7o da digitaliza\u00e7\u00e3o e da Ind\u00fastria 4.0, o SIGA se torna ainda mais relevante para a gest\u00e3o de sistemas de abastecimento de \u00e1gua. A integra\u00e7\u00e3o com solu\u00e7\u00f5es de IoT e a utiliza\u00e7\u00e3o de algoritmos de Intelig\u00eancia Artificial permitem uma gest\u00e3o mais precisa e eficiente, maximizando o desempenho do sistema e garantindo a qualidade da \u00e1gua fornecida.<\/p>\n<p><strong>O SIGA \u00e9 uma solu\u00e7\u00e3o chave na m\u00e3o oferecida pela Alphatek Engenharia, que inclui desde a instala\u00e7\u00e3o e configura\u00e7\u00e3o dos equipamentos at\u00e9 a capacita\u00e7\u00e3o dos usu\u00e1rios. Com o SIGA, \u00e9 poss\u00edvel garantir a seguran\u00e7a e a efici\u00eancia no abastecimento de \u00e1gua, contribuindo para o bem-estar da popula\u00e7\u00e3o e para o desenvolvimento sustent\u00e1vel das cidades.<\/strong>[\/vc_column_text][\/vc_column][\/vc_row][vc_row][vc_column width=&#8221;1\/6&#8243;][\/vc_column][vc_column width=&#8221;2\/3&#8243;][vc_empty_space height=&#8221;30px&#8221;][\/vc_column][vc_column width=&#8221;1\/6&#8243;][\/vc_column][\/vc_row]<\/p>\n","protected":false},"excerpt":{"rendered":"<p>[vc_row css=&#8221;.vc_custom_1575620193226{padding-top: 80px !important;padding-bottom: 80px !important;background-image: url(http:\/\/localhost\/wordpress8\/wp-content\/uploads\/2018\/08\/pexels-photo-140983.jpeg?id=1002) !important;background-position: center !important;background-repeat: no-repeat !important;background-size: cover !important;}&#8221;][vc_column width=&#8221;1\/4&#8243;][\/vc_column][vc_column width=&#8221;1\/2&#8243;][vc_custom_heading text=&#8221;SIGA &#8211; Sistema Integrado de Gest\u00e3o de Abastecimento&#8221; font_container=&#8221;tag:h2|font_size:2.875rem|text_align:center&#8221; use_theme_fonts=&#8221;yes&#8221;][vc_empty_space height=&#8221;10px&#8221;][vc_custom_heading text=&#8221;Intelig\u00eancia artificial para gest\u00e3o de abastecimento.&#8221; font_container=&#8221;tag:div|text_align:center&#8221; use_theme_fonts=&#8221;yes&#8221;][\/vc_column][vc_column width=&#8221;1\/4&#8243;][\/vc_column][\/vc_row][vc_row][vc_column offset=&#8221;vc_hidden-sm vc_hidden-xs&#8221;][vc_widget_sidebar sidebar_id=&#8221;sidebar-5b6cfa681b024&#8243;][\/vc_column][\/vc_row][vc_row css=&#8221;.vc_custom_1536635902854{margin-bottom: 60px !important;padding-top: 60px !important;}&#8221;][vc_column css_animation=&#8221;fadeInLeft&#8221; width=&#8221;1\/2&#8243; offset=&#8221;vc_col-xs-6&#8243;][vc_single_image image=&#8221;2445&#8243; img_size=&#8221;full&#8221; alignment=&#8221;center&#8221; style=&#8221;vc_box_rounded&#8221; css_animation=&#8221;none&#8221;][vc_column_text] &nbsp; &nbsp; Saiba [&hellip;]<\/p>\n","protected":false},"author":1,"featured_media":0,"parent":0,"menu_order":0,"comment_status":"closed","ping_status":"closed","template":"tmpl\/template-fullwidth.php","meta":{"_themeisle_gutenberg_block_has_review":false,"footnotes":""},"class_list":["post-2190","page","type-page","status-publish","hentry"],"acf":[],"_links":{"self":[{"href":"https:\/\/www.alphatek.com.br\/index.php\/wp-json\/wp\/v2\/pages\/2190","targetHints":{"allow":["GET"]}}],"collection":[{"href":"https:\/\/www.alphatek.com.br\/index.php\/wp-json\/wp\/v2\/pages"}],"about":[{"href":"https:\/\/www.alphatek.com.br\/index.php\/wp-json\/wp\/v2\/types\/page"}],"author":[{"embeddable":true,"href":"https:\/\/www.alphatek.com.br\/index.php\/wp-json\/wp\/v2\/users\/1"}],"replies":[{"embeddable":true,"href":"https:\/\/www.alphatek.com.br\/index.php\/wp-json\/wp\/v2\/comments?post=2190"}],"version-history":[{"count":7,"href":"https:\/\/www.alphatek.com.br\/index.php\/wp-json\/wp\/v2\/pages\/2190\/revisions"}],"predecessor-version":[{"id":2462,"href":"https:\/\/www.alphatek.com.br\/index.php\/wp-json\/wp\/v2\/pages\/2190\/revisions\/2462"}],"wp:attachment":[{"href":"https:\/\/www.alphatek.com.br\/index.php\/wp-json\/wp\/v2\/media?parent=2190"}],"curies":[{"name":"wp","href":"https:\/\/api.w.org\/{rel}","templated":true}]}}