{"id":2188,"date":"2022-09-10T16:23:24","date_gmt":"2022-09-10T19:23:24","guid":{"rendered":"https:\/\/www.alphatek.com.br\/?page_id=2188"},"modified":"2023-05-02T22:36:53","modified_gmt":"2023-05-03T01:36:53","slug":"automacao","status":"publish","type":"page","link":"https:\/\/www.alphatek.com.br\/index.php\/automacao\/","title":{"rendered":"Automa\u00e7\u00e3o"},"content":{"rendered":"<p>[vc_row parallax=&#8221;content-moving&#8221; css=&#8221;.vc_custom_1683077809661{padding-top: 80px !important;padding-right: 80px !important;padding-bottom: 80px !important;padding-left: 80px !important;background: #dddddd url(http:\/\/www.alphatek.com.br\/wp-content\/uploads\/2023\/01\/Captura-de-Tela-2022-08-22-as-19.36.04-scaled.jpg?id=2337);background-position: center;background-repeat: no-repeat !important;background-size: cover !important;}&#8221;][vc_column width=&#8221;1\/4&#8243;][\/vc_column][vc_column width=&#8221;1\/2&#8243;][vc_custom_heading text=&#8221;Automa\u00e7\u00e3o&#8221; font_container=&#8221;tag:h2|font_size:2.875rem|text_align:center|color:%23ffffff&#8221; use_theme_fonts=&#8221;yes&#8221;][vc_empty_space height=&#8221;10px&#8221;][vc_custom_heading text=&#8221;Solu\u00e7\u00f5es de Automa\u00e7\u00e3o que garantem efici\u00eancia operacional para crescer sem limites. Descubra o poder do IoT! Solucione gargalos nas opera\u00e7\u00f5es da sua empresa! Previna falhas. Aumente a produtividade!&#8221; font_container=&#8221;tag:div|text_align:center|color:%23ffffff&#8221; use_theme_fonts=&#8221;yes&#8221;][\/vc_column][vc_column width=&#8221;1\/4&#8243;][\/vc_column][\/vc_row][vc_row][vc_column offset=&#8221;vc_hidden-sm vc_hidden-xs&#8221;][vc_widget_sidebar sidebar_id=&#8221;sidebar-5b6cfa681b024&#8243;][\/vc_column][\/vc_row][vc_row css=&#8221;.vc_custom_1536635902854{margin-bottom: 60px !important;padding-top: 60px !important;}&#8221;][vc_column css_animation=&#8221;fadeInLeft&#8221; width=&#8221;1\/2&#8243; offset=&#8221;vc_col-xs-6&#8243;][vc_custom_heading text=&#8221;Conhe\u00e7a nossos pain\u00e9is de automa\u00e7\u00e3o de \u00faltima gera\u00e7\u00e3o, que combinam digitaliza\u00e7\u00e3o, IoT, IA e tecnologias da Ind\u00fastria 4.0 para levar a efici\u00eancia e a produtividade de sua empresa a um novo patamar.&#8221; use_theme_fonts=&#8221;yes&#8221;][vc_empty_space height=&#8221;40px&#8221;][vc_column_text]Os pain\u00e9is de automa\u00e7\u00e3o da Alphatek Engenharia s\u00e3o a solu\u00e7\u00e3o ideal para otimizar os processos industriais. Eles proporcionam maior efici\u00eancia, seguran\u00e7a e controle de todo o sistema. Com as nossas solu\u00e7\u00f5es de automa\u00e7\u00e3o, os clientes podem reduzir custos operacionais e aumentar a produtividade, al\u00e9m de monitorar e controlar seus processos de forma remota.<\/p>\n<p>Nossos pain\u00e9is de automa\u00e7\u00e3o s\u00e3o projetados para atender \u00e0s necessidades espec\u00edficas de cada cliente, seja para controlar uma \u00fanica m\u00e1quina ou todo o processo produtivo. Utilizamos tecnologia de ponta e software de programa\u00e7\u00e3o avan\u00e7ado para garantir a qualidade e a confiabilidade dos nossos produtos.<\/p>\n<p>Al\u00e9m disso, nossos pain\u00e9is de automa\u00e7\u00e3o possuem diversas fun\u00e7\u00f5es e funcionalidades, como controle de temperatura, controle de processos, acionamento de motores, controle de ilumina\u00e7\u00e3o, monitoramento de equipamentos e muito mais. Tudo isso de forma intuitiva e f\u00e1cil de usar.<\/p>\n<p><strong>Com a Alphatek Engenharia, os clientes t\u00eam acesso \u00e0s mais modernas tecnologias em automa\u00e7\u00e3o industrial, proporcionando um ambiente de trabalho mais eficiente e seguro.<\/strong>[\/vc_column_text][\/vc_column][vc_column css_animation=&#8221;fadeInRight&#8221; width=&#8221;1\/2&#8243; offset=&#8221;vc_col-xs-6&#8243;][vc_column_text]Os pain\u00e9is de automa\u00e7\u00e3o da Alphatek Engenharia tamb\u00e9m est\u00e3o alinhados com as mais modernas tecnologias do mercado, como a digitaliza\u00e7\u00e3o, a Internet das Coisas (IoT), a Intelig\u00eancia Artificial (IA) e a Ind\u00fastria 4.0. Isso significa que nossos clientes t\u00eam acesso a solu\u00e7\u00f5es de automa\u00e7\u00e3o inteligente que otimizam o desempenho de suas m\u00e1quinas e processos, reduzem custos e aumentam a produtividade.<\/p>\n<p>Com a digitaliza\u00e7\u00e3o, por exemplo, \u00e9 poss\u00edvel integrar sistemas, coletar dados e monitorar o desempenho de equipamentos de forma remota, permitindo a tomada de decis\u00f5es mais r\u00e1pidas e precisas. J\u00e1 a IoT permite a conex\u00e3o de diversos dispositivos em rede, facilitando o acesso a informa\u00e7\u00f5es em tempo real e aumentando a efici\u00eancia dos processos.<\/p>\n<p>A IA \u00e9 outra tecnologia que est\u00e1 presente nos nossos pain\u00e9is de automa\u00e7\u00e3o, permitindo a cria\u00e7\u00e3o de algoritmos inteligentes capazes de tomar decis\u00f5es aut\u00f4nomas com base em dados coletados pelos sensores dos equipamentos. Isso melhora a precis\u00e3o e a velocidade da tomada de decis\u00f5es, al\u00e9m de reduzir o risco de falhas humanas.<\/p>\n<p>Por fim, a Ind\u00fastria 4.0 representa a evolu\u00e7\u00e3o da automa\u00e7\u00e3o industrial, permitindo a integra\u00e7\u00e3o completa de todos os sistemas de uma f\u00e1brica em uma rede inteligente. Isso inclui desde a coleta e an\u00e1lise de dados at\u00e9 a comunica\u00e7\u00e3o entre m\u00e1quinas e a automa\u00e7\u00e3o de processos. Com os nossos pain\u00e9is de automa\u00e7\u00e3o, nossos clientes podem se preparar para o futuro da ind\u00fastria e estar \u00e0 frente da concorr\u00eancia.<\/p>\n<p><strong>\u00a0<\/strong>[\/vc_column_text][\/vc_column][\/vc_row]<\/p>\n","protected":false},"excerpt":{"rendered":"<p>[vc_row parallax=&#8221;content-moving&#8221; css=&#8221;.vc_custom_1683077809661{padding-top: 80px !important;padding-right: 80px !important;padding-bottom: 80px !important;padding-left: 80px !important;background: #dddddd url(http:\/\/www.alphatek.com.br\/wp-content\/uploads\/2023\/01\/Captura-de-Tela-2022-08-22-as-19.36.04-scaled.jpg?id=2337);background-position: center;background-repeat: no-repeat !important;background-size: cover !important;}&#8221;][vc_column width=&#8221;1\/4&#8243;][\/vc_column][vc_column width=&#8221;1\/2&#8243;][vc_custom_heading text=&#8221;Automa\u00e7\u00e3o&#8221; font_container=&#8221;tag:h2|font_size:2.875rem|text_align:center|color:%23ffffff&#8221; use_theme_fonts=&#8221;yes&#8221;][vc_empty_space height=&#8221;10px&#8221;][vc_custom_heading text=&#8221;Solu\u00e7\u00f5es de Automa\u00e7\u00e3o que garantem efici\u00eancia operacional para crescer sem limites. Descubra o poder do IoT! Solucione gargalos nas opera\u00e7\u00f5es da sua empresa! Previna falhas. Aumente a produtividade!&#8221; font_container=&#8221;tag:div|text_align:center|color:%23ffffff&#8221; use_theme_fonts=&#8221;yes&#8221;][\/vc_column][vc_column width=&#8221;1\/4&#8243;][\/vc_column][\/vc_row][vc_row][vc_column [&hellip;]<\/p>\n","protected":false},"author":1,"featured_media":0,"parent":0,"menu_order":0,"comment_status":"closed","ping_status":"closed","template":"tmpl\/template-fullwidth.php","meta":{"_themeisle_gutenberg_block_has_review":false,"footnotes":""},"class_list":["post-2188","page","type-page","status-publish","hentry"],"acf":[],"_links":{"self":[{"href":"https:\/\/www.alphatek.com.br\/index.php\/wp-json\/wp\/v2\/pages\/2188","targetHints":{"allow":["GET"]}}],"collection":[{"href":"https:\/\/www.alphatek.com.br\/index.php\/wp-json\/wp\/v2\/pages"}],"about":[{"href":"https:\/\/www.alphatek.com.br\/index.php\/wp-json\/wp\/v2\/types\/page"}],"author":[{"embeddable":true,"href":"https:\/\/www.alphatek.com.br\/index.php\/wp-json\/wp\/v2\/users\/1"}],"replies":[{"embeddable":true,"href":"https:\/\/www.alphatek.com.br\/index.php\/wp-json\/wp\/v2\/comments?post=2188"}],"version-history":[{"count":6,"href":"https:\/\/www.alphatek.com.br\/index.php\/wp-json\/wp\/v2\/pages\/2188\/revisions"}],"predecessor-version":[{"id":2438,"href":"https:\/\/www.alphatek.com.br\/index.php\/wp-json\/wp\/v2\/pages\/2188\/revisions\/2438"}],"wp:attachment":[{"href":"https:\/\/www.alphatek.com.br\/index.php\/wp-json\/wp\/v2\/media?parent=2188"}],"curies":[{"name":"wp","href":"https:\/\/api.w.org\/{rel}","templated":true}]}}