{"id":2178,"date":"2022-09-10T16:20:27","date_gmt":"2022-09-10T19:20:27","guid":{"rendered":"https:\/\/www.alphatek.com.br\/?page_id=2178"},"modified":"2023-04-19T23:44:12","modified_gmt":"2023-04-20T02:44:12","slug":"paineis-eletricos-padrao","status":"publish","type":"page","link":"https:\/\/www.alphatek.com.br\/index.php\/paineis-eletricos-padrao\/","title":{"rendered":"Pain\u00e9is el\u00e9tricos padr\u00e3o"},"content":{"rendered":"<p>[vc_row parallax=&#8221;content-moving&#8221; css=&#8221;.vc_custom_1681958423626{padding-top: 80px !important;padding-right: 80px !important;padding-bottom: 80px !important;padding-left: 80px !important;background: #dddddd url(http:\/\/www.alphatek.com.br\/wp-content\/uploads\/2023\/01\/Captura-de-Tela-2022-08-22-as-19.34.43-scaled.jpg?id=2335);background-position: center;background-repeat: no-repeat !important;background-size: cover !important;}&#8221;][vc_column width=&#8221;1\/4&#8243;][\/vc_column][vc_column width=&#8221;1\/2&#8243;][vc_custom_heading text=&#8221;Pain\u00e9is el\u00e9tricos padr\u00e3o&#8221; font_container=&#8221;tag:h2|font_size:2.875rem|text_align:center|color:%23ffffff&#8221; use_theme_fonts=&#8221;yes&#8221;][vc_empty_space height=&#8221;10px&#8221;][vc_custom_heading text=&#8221;Potencialize a efici\u00eancia e seguran\u00e7a de sua ind\u00fastria com nossos pain\u00e9is el\u00e9tricos padr\u00e3o.&#8221; font_container=&#8221;tag:div|text_align:center|color:%23ffffff&#8221; use_theme_fonts=&#8221;yes&#8221;][\/vc_column][vc_column width=&#8221;1\/4&#8243;][\/vc_column][\/vc_row][vc_row][vc_column offset=&#8221;vc_hidden-sm vc_hidden-xs&#8221;][vc_widget_sidebar sidebar_id=&#8221;sidebar-5b6cfa681b024&#8243;][\/vc_column][\/vc_row][vc_row css=&#8221;.vc_custom_1536635902854{margin-bottom: 60px !important;padding-top: 60px !important;}&#8221;][vc_column css_animation=&#8221;fadeInLeft&#8221; width=&#8221;1\/2&#8243; offset=&#8221;vc_col-xs-6&#8243;][vc_custom_heading text=&#8221;Integre seus sistemas com seguran\u00e7a e efici\u00eancia com nossos pain\u00e9is el\u00e9tricos padr\u00e3o, projetados para atender \u00e0s mais rigorosas normas e garantir m\u00e1xima performance.&#8221; use_theme_fonts=&#8221;yes&#8221;][vc_empty_space height=&#8221;40px&#8221;][vc_column_text]<\/p>\n<p style=\"text-align: left;\">A Alphatek Engenharia tem orgulho em oferecer pain\u00e9is el\u00e9tricos de alta qualidade e seguran\u00e7a para a ind\u00fastria. Nossos pain\u00e9is s\u00e3o projetados e fabricados seguindo os mais altos padr\u00f5es de qualidade e seguran\u00e7a, com certifica\u00e7\u00e3o NBR IEC 60439-1 e NR10. Realizamos diversos testes em nossos pain\u00e9is, garantindo que est\u00e3o prontos para uso em ambientes industriais com condi\u00e7\u00f5es extremas de temperatura e umidade. Nossos testes incluem testes de tens\u00e3o, testes de resist\u00eancia de isolamento, testes de corrente e testes de curto-circuito, garantindo a funcionalidade e seguran\u00e7a dos pain\u00e9is el\u00e9tricos que fabricamos.<\/p>\n<p style=\"text-align: left;\"><strong>Com nossos pain\u00e9is el\u00e9tricos, sua ind\u00fastria estar\u00e1 sempre protegida e em conformidade com as normas regulat\u00f3rias.<\/strong><\/p>\n<p>[\/vc_column_text][\/vc_column][vc_column css_animation=&#8221;fadeInRight&#8221; width=&#8221;1\/2&#8243; offset=&#8221;vc_col-xs-6&#8243;][vc_column_text]<\/p>\n<p style=\"text-align: left;\">O uso de pain\u00e9is el\u00e9tricos padronizados oferece diversas vantagens para as ind\u00fastrias. Em primeiro lugar, padronizar os pain\u00e9is torna mais f\u00e1cil a manuten\u00e7\u00e3o e o reparo, uma vez que todos os componentes s\u00e3o conhecidos e est\u00e3o dispon\u00edveis no mercado. Al\u00e9m disso, a padroniza\u00e7\u00e3o permite a fabrica\u00e7\u00e3o em larga escala, o que pode reduzir os custos de produ\u00e7\u00e3o e tornar os pain\u00e9is mais acess\u00edveis a um p\u00fablico maior. Outra vantagem \u00e9 a maior seguran\u00e7a operacional, j\u00e1 que a padroniza\u00e7\u00e3o garante que os pain\u00e9is atendam a todos os requisitos de seguran\u00e7a el\u00e9trica estabelecidos pelas normas t\u00e9cnicas. Por fim, os pain\u00e9is padronizados s\u00e3o testados e certificados, o que garante a qualidade e a efici\u00eancia dos produtos.<\/p>\n<p>A AlphaTek Engenharia tem parceria com os principais fabricantes de materiais para pain\u00e9is el\u00e9tricos do mercado, como Siemens, Schneider, Phoenix, Wago e WEG. Isso nos permite oferecer aos nossos clientes solu\u00e7\u00f5es de alta qualidade, confiabilidade e seguran\u00e7a, garantindo a melhor performance de seus equipamentos e sistemas. Al\u00e9m disso, nossos t\u00e9cnicos s\u00e3o treinados e capacitados para lidar com diferentes marcas e modelos, o que nos permite oferecer um atendimento personalizado e eficiente.<\/p>\n<p>Al\u00e9m dos fabricantes mencionados, tamb\u00e9m somos parceiros da ABB, Rockwell Automation e Mitsubishi Electric, entre outros grandes nomes da ind\u00fastria de automa\u00e7\u00e3o e energia el\u00e9trica. Essas parcerias garantem que possamos oferecer aos nossos clientes solu\u00e7\u00f5es com as melhores tecnologias e equipamentos dispon\u00edveis no mercado.<\/p>\n<p>[\/vc_column_text][\/vc_column][\/vc_row]<\/p>\n","protected":false},"excerpt":{"rendered":"<p>[vc_row parallax=&#8221;content-moving&#8221; css=&#8221;.vc_custom_1681958423626{padding-top: 80px !important;padding-right: 80px !important;padding-bottom: 80px !important;padding-left: 80px !important;background: #dddddd url(http:\/\/www.alphatek.com.br\/wp-content\/uploads\/2023\/01\/Captura-de-Tela-2022-08-22-as-19.34.43-scaled.jpg?id=2335);background-position: center;background-repeat: no-repeat !important;background-size: cover !important;}&#8221;][vc_column width=&#8221;1\/4&#8243;][\/vc_column][vc_column width=&#8221;1\/2&#8243;][vc_custom_heading text=&#8221;Pain\u00e9is el\u00e9tricos padr\u00e3o&#8221; font_container=&#8221;tag:h2|font_size:2.875rem|text_align:center|color:%23ffffff&#8221; use_theme_fonts=&#8221;yes&#8221;][vc_empty_space height=&#8221;10px&#8221;][vc_custom_heading text=&#8221;Potencialize a efici\u00eancia e seguran\u00e7a de sua ind\u00fastria com nossos pain\u00e9is el\u00e9tricos padr\u00e3o.&#8221; font_container=&#8221;tag:div|text_align:center|color:%23ffffff&#8221; use_theme_fonts=&#8221;yes&#8221;][\/vc_column][vc_column width=&#8221;1\/4&#8243;][\/vc_column][\/vc_row][vc_row][vc_column offset=&#8221;vc_hidden-sm vc_hidden-xs&#8221;][vc_widget_sidebar sidebar_id=&#8221;sidebar-5b6cfa681b024&#8243;][\/vc_column][\/vc_row][vc_row css=&#8221;.vc_custom_1536635902854{margin-bottom: 60px !important;padding-top: 60px !important;}&#8221;][vc_column css_animation=&#8221;fadeInLeft&#8221; width=&#8221;1\/2&#8243; offset=&#8221;vc_col-xs-6&#8243;][vc_custom_heading text=&#8221;Integre seus [&hellip;]<\/p>\n","protected":false},"author":1,"featured_media":0,"parent":0,"menu_order":0,"comment_status":"closed","ping_status":"closed","template":"tmpl\/template-fullwidth.php","meta":{"_themeisle_gutenberg_block_has_review":false,"footnotes":""},"class_list":["post-2178","page","type-page","status-publish","hentry"],"acf":[],"_links":{"self":[{"href":"https:\/\/www.alphatek.com.br\/index.php\/wp-json\/wp\/v2\/pages\/2178","targetHints":{"allow":["GET"]}}],"collection":[{"href":"https:\/\/www.alphatek.com.br\/index.php\/wp-json\/wp\/v2\/pages"}],"about":[{"href":"https:\/\/www.alphatek.com.br\/index.php\/wp-json\/wp\/v2\/types\/page"}],"author":[{"embeddable":true,"href":"https:\/\/www.alphatek.com.br\/index.php\/wp-json\/wp\/v2\/users\/1"}],"replies":[{"embeddable":true,"href":"https:\/\/www.alphatek.com.br\/index.php\/wp-json\/wp\/v2\/comments?post=2178"}],"version-history":[{"count":11,"href":"https:\/\/www.alphatek.com.br\/index.php\/wp-json\/wp\/v2\/pages\/2178\/revisions"}],"predecessor-version":[{"id":2406,"href":"https:\/\/www.alphatek.com.br\/index.php\/wp-json\/wp\/v2\/pages\/2178\/revisions\/2406"}],"wp:attachment":[{"href":"https:\/\/www.alphatek.com.br\/index.php\/wp-json\/wp\/v2\/media?parent=2178"}],"curies":[{"name":"wp","href":"https:\/\/api.w.org\/{rel}","templated":true}]}}