{"id":2176,"date":"2022-09-10T13:29:20","date_gmt":"2022-09-10T16:29:20","guid":{"rendered":"https:\/\/www.alphatek.com.br\/?page_id=2176"},"modified":"2023-04-19T23:04:27","modified_gmt":"2023-04-20T02:04:27","slug":"manutencao","status":"publish","type":"page","link":"https:\/\/www.alphatek.com.br\/index.php\/manutencao\/","title":{"rendered":"Manuten\u00e7\u00e3o"},"content":{"rendered":"<p>[vc_row parallax=&#8221;content-moving&#8221; css=&#8221;.vc_custom_1681956264932{padding-top: 80px !important;padding-right: 80px !important;padding-bottom: 80px !important;padding-left: 80px !important;background: #dddddd url(http:\/\/www.alphatek.com.br\/wp-content\/uploads\/2023\/01\/Captura-de-Tela-2022-08-22-as-19.35.08-scaled.jpg?id=2336);background-position: center;background-repeat: no-repeat !important;background-size: cover !important;}&#8221;][vc_column width=&#8221;1\/4&#8243;][\/vc_column][vc_column width=&#8221;1\/2&#8243;][vc_custom_heading text=&#8221;Manuten\u00e7\u00e3o&#8221; font_container=&#8221;tag:h2|font_size:2.875rem|text_align:center|color:%23ffffff&#8221; use_theme_fonts=&#8221;yes&#8221;][vc_empty_space height=&#8221;10px&#8221;][vc_custom_heading text=&#8221;O suporte completo aos nossos clientes&#8221; font_container=&#8221;tag:div|text_align:center|color:%23ffffff&#8221; use_theme_fonts=&#8221;yes&#8221;][\/vc_column][vc_column width=&#8221;1\/4&#8243;][\/vc_column][\/vc_row][vc_row][vc_column offset=&#8221;vc_hidden-sm vc_hidden-xs&#8221;][vc_widget_sidebar sidebar_id=&#8221;sidebar-5b6cfa681b024&#8243;][\/vc_column][\/vc_row][vc_row css=&#8221;.vc_custom_1536635902854{margin-bottom: 60px !important;padding-top: 60px !important;}&#8221;][vc_column css_animation=&#8221;fadeInLeft&#8221; width=&#8221;1\/2&#8243; offset=&#8221;vc_col-xs-6&#8243;][vc_custom_heading text=&#8221;Solu\u00e7\u00f5es de manuten\u00e7\u00e3o: confiabilidade e agilidade para o seu neg\u00f3cio&#8221; use_theme_fonts=&#8221;yes&#8221;][vc_empty_space height=&#8221;40px&#8221;][vc_column_text]Com a miss\u00e3o de oferecer solu\u00e7\u00f5es completas para os nossos clientes, a Alphatek Engenharia possui uma equipe altamente capacitada e equipamentos de \u00faltima gera\u00e7\u00e3o para realizar servi\u00e7os de manuten\u00e7\u00e3o eletromec\u00e2nica em diversos segmentos. Desde a an\u00e1lise preventiva at\u00e9 a execu\u00e7\u00e3o de reparos emergenciais, nossa equipe est\u00e1 sempre pronta para atender com excel\u00eancia as necessidades dos nossos clientes.<\/p>\n<p>Com o intuito de garantir a continuidade operacional dos equipamentos, a Alphatek Engenharia realiza manuten\u00e7\u00e3o corretiva, preventiva e preditiva, al\u00e9m de disponibilizar suporte t\u00e9cnico e assist\u00eancia 24 horas por dia, 7 dias por semana. Com isso, conseguimos minimizar poss\u00edveis paradas e reduzir o tempo de inatividade dos equipamentos, proporcionando aos nossos clientes maior efici\u00eancia produtiva e redu\u00e7\u00e3o de custos.<\/p>\n<p>Ademais, nos mantemos atualizados com as \u00faltimas tend\u00eancias e tecnologias do mercado, visando sempre oferecer as melhores solu\u00e7\u00f5es em manuten\u00e7\u00e3o eletromec\u00e2nica. Dessa forma, al\u00e9m de garantir a satisfa\u00e7\u00e3o dos nossos clientes, estamos em constante evolu\u00e7\u00e3o e aprimoramento dos nossos servi\u00e7os.<\/p>\n<p>Com nossa equipe t\u00e9cnica altamente capacitada e equipamentos de \u00faltima gera\u00e7\u00e3o, estamos prontos para atender \u00e0s necessidades dos nossos clientes de forma r\u00e1pida e eficiente, garantindo a continuidade operacional e redu\u00e7\u00e3o de custos.[\/vc_column_text][\/vc_column][vc_column css_animation=&#8221;fadeInRight&#8221; width=&#8221;1\/2&#8243; offset=&#8221;vc_col-xs-6&#8243;][vc_column_text]Nossos servi\u00e7os abrangem desde inspe\u00e7\u00e3o e testes de equipamentos at\u00e9 a realiza\u00e7\u00e3o de reparos, reformas e retrofits. Al\u00e9m disso, trabalhamos com um sistema de gerenciamento de manuten\u00e7\u00e3o, que permite a cria\u00e7\u00e3o de planos personalizados para cada cliente, com o objetivo de minimizar o tempo de parada e maximizar a disponibilidade dos equipamentos.<\/p>\n<p>Nosso Portal do Cliente \u00e9 uma ferramenta que oferecemos para que nossos clientes possam submeter solicita\u00e7\u00f5es de servi\u00e7os, acompanhar o status de suas solicita\u00e7\u00f5es e receber relat\u00f3rios de manuten\u00e7\u00e3o. Isso permite que nossos clientes tenham total visibilidade sobre as atividades de manuten\u00e7\u00e3o em suas instala\u00e7\u00f5es, tornando o processo de gerenciamento mais eficiente e transparente.<\/p>\n<p>Al\u00e9m disso, estamos sempre atualizados com as \u00faltimas tend\u00eancias em manuten\u00e7\u00e3o, como a manuten\u00e7\u00e3o preditiva, que utiliza tecnologias como a an\u00e1lise de vibra\u00e7\u00e3o e termografia para identificar problemas antes que eles se tornem cr\u00edticos, minimizando o tempo de parada e reduzindo custos de manuten\u00e7\u00e3o.<\/p>\n<p>Com nossos servi\u00e7os de manuten\u00e7\u00e3o eletromec\u00e2nica e nosso compromisso em oferecer o melhor suporte aos nossos clientes, a Alphatek Engenharia se torna uma parceira estrat\u00e9gica para o sucesso das opera\u00e7\u00f5es industriais de nossos clientes.[\/vc_column_text][\/vc_column][\/vc_row]<\/p>\n","protected":false},"excerpt":{"rendered":"<p>[vc_row parallax=&#8221;content-moving&#8221; css=&#8221;.vc_custom_1681956264932{padding-top: 80px !important;padding-right: 80px !important;padding-bottom: 80px !important;padding-left: 80px !important;background: #dddddd url(http:\/\/www.alphatek.com.br\/wp-content\/uploads\/2023\/01\/Captura-de-Tela-2022-08-22-as-19.35.08-scaled.jpg?id=2336);background-position: center;background-repeat: no-repeat !important;background-size: cover !important;}&#8221;][vc_column width=&#8221;1\/4&#8243;][\/vc_column][vc_column width=&#8221;1\/2&#8243;][vc_custom_heading text=&#8221;Manuten\u00e7\u00e3o&#8221; font_container=&#8221;tag:h2|font_size:2.875rem|text_align:center|color:%23ffffff&#8221; use_theme_fonts=&#8221;yes&#8221;][vc_empty_space height=&#8221;10px&#8221;][vc_custom_heading text=&#8221;O suporte completo aos nossos clientes&#8221; font_container=&#8221;tag:div|text_align:center|color:%23ffffff&#8221; use_theme_fonts=&#8221;yes&#8221;][\/vc_column][vc_column width=&#8221;1\/4&#8243;][\/vc_column][\/vc_row][vc_row][vc_column offset=&#8221;vc_hidden-sm vc_hidden-xs&#8221;][vc_widget_sidebar sidebar_id=&#8221;sidebar-5b6cfa681b024&#8243;][\/vc_column][\/vc_row][vc_row css=&#8221;.vc_custom_1536635902854{margin-bottom: 60px !important;padding-top: 60px !important;}&#8221;][vc_column css_animation=&#8221;fadeInLeft&#8221; width=&#8221;1\/2&#8243; offset=&#8221;vc_col-xs-6&#8243;][vc_custom_heading text=&#8221;Solu\u00e7\u00f5es de manuten\u00e7\u00e3o: confiabilidade e agilidade para o seu neg\u00f3cio&#8221; use_theme_fonts=&#8221;yes&#8221;][vc_empty_space [&hellip;]<\/p>\n","protected":false},"author":1,"featured_media":0,"parent":0,"menu_order":0,"comment_status":"closed","ping_status":"closed","template":"tmpl\/template-fullwidth.php","meta":{"_themeisle_gutenberg_block_has_review":false,"footnotes":""},"class_list":["post-2176","page","type-page","status-publish","hentry"],"acf":[],"_links":{"self":[{"href":"https:\/\/www.alphatek.com.br\/index.php\/wp-json\/wp\/v2\/pages\/2176","targetHints":{"allow":["GET"]}}],"collection":[{"href":"https:\/\/www.alphatek.com.br\/index.php\/wp-json\/wp\/v2\/pages"}],"about":[{"href":"https:\/\/www.alphatek.com.br\/index.php\/wp-json\/wp\/v2\/types\/page"}],"author":[{"embeddable":true,"href":"https:\/\/www.alphatek.com.br\/index.php\/wp-json\/wp\/v2\/users\/1"}],"replies":[{"embeddable":true,"href":"https:\/\/www.alphatek.com.br\/index.php\/wp-json\/wp\/v2\/comments?post=2176"}],"version-history":[{"count":5,"href":"https:\/\/www.alphatek.com.br\/index.php\/wp-json\/wp\/v2\/pages\/2176\/revisions"}],"predecessor-version":[{"id":2391,"href":"https:\/\/www.alphatek.com.br\/index.php\/wp-json\/wp\/v2\/pages\/2176\/revisions\/2391"}],"wp:attachment":[{"href":"https:\/\/www.alphatek.com.br\/index.php\/wp-json\/wp\/v2\/media?parent=2176"}],"curies":[{"name":"wp","href":"https:\/\/api.w.org\/{rel}","templated":true}]}}