{"id":2174,"date":"2022-09-10T13:28:06","date_gmt":"2022-09-10T16:28:06","guid":{"rendered":"https:\/\/www.alphatek.com.br\/?page_id=2174"},"modified":"2023-04-19T23:11:23","modified_gmt":"2023-04-20T02:11:23","slug":"fabrica-de-paineis","status":"publish","type":"page","link":"https:\/\/www.alphatek.com.br\/index.php\/fabrica-de-paineis\/","title":{"rendered":"F\u00e1brica de Pain\u00e9is"},"content":{"rendered":"<p>[vc_row parallax=&#8221;content-moving&#8221; css=&#8221;.vc_custom_1681956350899{padding-top: 80px !important;padding-right: 80px !important;padding-bottom: 80px !important;padding-left: 80px !important;background: #dddddd url(http:\/\/www.alphatek.com.br\/wp-content\/uploads\/2023\/01\/Captura-de-Tela-2022-08-22-as-19.30.51-scaled.jpg?id=2329);background-position: center;background-repeat: no-repeat !important;background-size: cover !important;}&#8221;][vc_column width=&#8221;1\/4&#8243;][\/vc_column][vc_column width=&#8221;1\/2&#8243;][vc_custom_heading text=&#8221;F\u00e1brica de Pain\u00e9is&#8221; font_container=&#8221;tag:h2|font_size:2.875rem|text_align:center|color:%23ffffff&#8221; use_theme_fonts=&#8221;yes&#8221;][vc_empty_space height=&#8221;10px&#8221;][vc_custom_heading text=&#8221;Fabrica\u00e7\u00e3o de pain\u00e9is de alta qualidade&#8221; font_container=&#8221;tag:div|text_align:center|color:%23ffffff&#8221; use_theme_fonts=&#8221;yes&#8221;][\/vc_column][vc_column width=&#8221;1\/4&#8243;][\/vc_column][\/vc_row][vc_row][vc_column offset=&#8221;vc_hidden-sm vc_hidden-xs&#8221;][vc_widget_sidebar sidebar_id=&#8221;sidebar-5b6cfa681b024&#8243;][\/vc_column][\/vc_row][vc_row css=&#8221;.vc_custom_1536635902854{margin-bottom: 60px !important;padding-top: 60px !important;}&#8221;][vc_column css_animation=&#8221;fadeInLeft&#8221; width=&#8221;1\/2&#8243; offset=&#8221;vc_col-xs-6&#8243;][vc_custom_heading text=&#8221;Excel\u00eancia em Fabrica\u00e7\u00e3o de Pain\u00e9is: Tecnologia de ponta, qualidade certificada ISO 9001 e processos automatizados&#8221; use_theme_fonts=&#8221;yes&#8221;][vc_empty_space height=&#8221;40px&#8221;][vc_column_text]A Alphatek Engenharia possui uma f\u00e1brica de pain\u00e9is el\u00e9tricos equipada com as mais avan\u00e7adas tecnologias, permitindo a produ\u00e7\u00e3o de pain\u00e9is de alta qualidade e precis\u00e3o. Nossos profissionais altamente qualificados e experientes, aliados \u00e0 nossa certifica\u00e7\u00e3o ISO 9001 em qualidade, garantem que cada painel produzido atenda aos mais rigorosos padr\u00f5es de qualidade e seguran\u00e7a.<\/p>\n<p>Com a utiliza\u00e7\u00e3o de softwares avan\u00e7ados e equipamentos de \u00faltima gera\u00e7\u00e3o, somos capazes de desenvolver pain\u00e9is el\u00e9tricos sob medida, personalizados de acordo com as necessidades espec\u00edficas de cada cliente. Al\u00e9m disso, nossos pain\u00e9is contam com tecnologia de ponta, como a utiliza\u00e7\u00e3o de CLPs, IHMs e inversores de frequ\u00eancia, garantindo a m\u00e1xima efici\u00eancia e confiabilidade nos processos industriais.<\/p>\n<p>Nosso compromisso com a qualidade tamb\u00e9m se estende para a montagem e instala\u00e7\u00e3o dos pain\u00e9is el\u00e9tricos no local de destino, garantindo que cada instala\u00e7\u00e3o seja realizada de forma segura e eficiente, seguindo todas as normas e regulamenta\u00e7\u00f5es t\u00e9cnicas exigidas.<\/p>\n<p>Atrav\u00e9s de nossa f\u00e1brica de pain\u00e9is el\u00e9tricos, somos capazes de oferecer aos nossos clientes solu\u00e7\u00f5es sob medida, adaptadas \u00e0s suas necessidades espec\u00edficas, al\u00e9m de oferecer suporte t\u00e9cnico completo para garantir o melhor desempenho e vida \u00fatil de cada painel. Acreditamos que investir em tecnologia e qualidade \u00e9 a chave para fornecer servi\u00e7os e produtos de excel\u00eancia, e \u00e9 isso que buscamos em cada projeto que realizamos.[\/vc_column_text][\/vc_column][vc_column css_animation=&#8221;fadeInRight&#8221; width=&#8221;1\/2&#8243; offset=&#8221;vc_col-xs-6&#8243;][vc_column_text]Al\u00e9m disso, na nossa f\u00e1brica de pain\u00e9is, realizamos testes rigorosos para garantir a qualidade dos produtos. Todos os pain\u00e9is s\u00e3o submetidos a testes el\u00e9tricos e funcionais, al\u00e9m de passarem por uma inspe\u00e7\u00e3o minuciosa antes da entrega ao cliente. Al\u00e9m disso, disponibilizamos os As built em QR code, permitindo f\u00e1cil acesso \u00e0 documenta\u00e7\u00e3o t\u00e9cnica dos pain\u00e9is.<\/p>\n<p>A robotiza\u00e7\u00e3o da crimpagem, a utiliza\u00e7\u00e3o de softwares de projeto avan\u00e7ados e a integra\u00e7\u00e3o entre engenharia e produ\u00e7\u00e3o garantem a precis\u00e3o e a efici\u00eancia na fabrica\u00e7\u00e3o dos pain\u00e9is. Todos esses processos s\u00e3o realizados por profissionais altamente capacitados e qualificados, em conformidade com as normas e regulamenta\u00e7\u00f5es do setor. Isso nos permite oferecer aos nossos clientes solu\u00e7\u00f5es sob medida e de alta qualidade, atendendo \u00e0s suas necessidades espec\u00edficas e superando suas expectativas.[\/vc_column_text][\/vc_column][\/vc_row]<\/p>\n","protected":false},"excerpt":{"rendered":"<p>[vc_row parallax=&#8221;content-moving&#8221; css=&#8221;.vc_custom_1681956350899{padding-top: 80px !important;padding-right: 80px !important;padding-bottom: 80px !important;padding-left: 80px !important;background: #dddddd url(http:\/\/www.alphatek.com.br\/wp-content\/uploads\/2023\/01\/Captura-de-Tela-2022-08-22-as-19.30.51-scaled.jpg?id=2329);background-position: center;background-repeat: no-repeat !important;background-size: cover !important;}&#8221;][vc_column width=&#8221;1\/4&#8243;][\/vc_column][vc_column width=&#8221;1\/2&#8243;][vc_custom_heading text=&#8221;F\u00e1brica de Pain\u00e9is&#8221; font_container=&#8221;tag:h2|font_size:2.875rem|text_align:center|color:%23ffffff&#8221; use_theme_fonts=&#8221;yes&#8221;][vc_empty_space height=&#8221;10px&#8221;][vc_custom_heading text=&#8221;Fabrica\u00e7\u00e3o de pain\u00e9is de alta qualidade&#8221; font_container=&#8221;tag:div|text_align:center|color:%23ffffff&#8221; use_theme_fonts=&#8221;yes&#8221;][\/vc_column][vc_column width=&#8221;1\/4&#8243;][\/vc_column][\/vc_row][vc_row][vc_column offset=&#8221;vc_hidden-sm vc_hidden-xs&#8221;][vc_widget_sidebar sidebar_id=&#8221;sidebar-5b6cfa681b024&#8243;][\/vc_column][\/vc_row][vc_row css=&#8221;.vc_custom_1536635902854{margin-bottom: 60px !important;padding-top: 60px !important;}&#8221;][vc_column css_animation=&#8221;fadeInLeft&#8221; width=&#8221;1\/2&#8243; offset=&#8221;vc_col-xs-6&#8243;][vc_custom_heading text=&#8221;Excel\u00eancia em Fabrica\u00e7\u00e3o de Pain\u00e9is: Tecnologia de ponta, qualidade [&hellip;]<\/p>\n","protected":false},"author":1,"featured_media":0,"parent":0,"menu_order":0,"comment_status":"closed","ping_status":"closed","template":"tmpl\/template-fullwidth.php","meta":{"_themeisle_gutenberg_block_has_review":false,"footnotes":""},"class_list":["post-2174","page","type-page","status-publish","hentry"],"acf":[],"_links":{"self":[{"href":"https:\/\/www.alphatek.com.br\/index.php\/wp-json\/wp\/v2\/pages\/2174","targetHints":{"allow":["GET"]}}],"collection":[{"href":"https:\/\/www.alphatek.com.br\/index.php\/wp-json\/wp\/v2\/pages"}],"about":[{"href":"https:\/\/www.alphatek.com.br\/index.php\/wp-json\/wp\/v2\/types\/page"}],"author":[{"embeddable":true,"href":"https:\/\/www.alphatek.com.br\/index.php\/wp-json\/wp\/v2\/users\/1"}],"replies":[{"embeddable":true,"href":"https:\/\/www.alphatek.com.br\/index.php\/wp-json\/wp\/v2\/comments?post=2174"}],"version-history":[{"count":6,"href":"https:\/\/www.alphatek.com.br\/index.php\/wp-json\/wp\/v2\/pages\/2174\/revisions"}],"predecessor-version":[{"id":2396,"href":"https:\/\/www.alphatek.com.br\/index.php\/wp-json\/wp\/v2\/pages\/2174\/revisions\/2396"}],"wp:attachment":[{"href":"https:\/\/www.alphatek.com.br\/index.php\/wp-json\/wp\/v2\/media?parent=2174"}],"curies":[{"name":"wp","href":"https:\/\/api.w.org\/{rel}","templated":true}]}}