{"id":2172,"date":"2022-09-10T13:26:58","date_gmt":"2022-09-10T16:26:58","guid":{"rendered":"https:\/\/www.alphatek.com.br\/?page_id=2172"},"modified":"2023-04-19T22:53:16","modified_gmt":"2023-04-20T01:53:16","slug":"automacao-industrial","status":"publish","type":"page","link":"https:\/\/www.alphatek.com.br\/index.php\/automacao-industrial\/","title":{"rendered":"Automa\u00e7\u00e3o Industrial"},"content":{"rendered":"<p>[vc_row parallax=&#8221;content-moving&#8221; css=&#8221;.vc_custom_1681955593771{padding-top: 80px !important;padding-right: 80px !important;padding-bottom: 80px !important;padding-left: 80px !important;background: #dddddd url(http:\/\/www.alphatek.com.br\/wp-content\/uploads\/2022\/09\/d.jpg?id=2272);background-position: center;background-repeat: no-repeat !important;background-size: cover !important;}&#8221;][vc_column width=&#8221;1\/4&#8243;][\/vc_column][vc_column width=&#8221;1\/2&#8243;][vc_custom_heading text=&#8221;Automa\u00e7\u00e3o Industrial&#8221; font_container=&#8221;tag:h2|font_size:2.875rem|text_align:center|color:%23ffffff&#8221; use_theme_fonts=&#8221;yes&#8221;][vc_empty_space height=&#8221;10px&#8221;][vc_custom_heading text=&#8221;Automatize sua ind\u00fastria e fa\u00e7a parte da revolu\u00e7\u00e3o da Ind\u00fastria 4.0&#8243; font_container=&#8221;tag:div|text_align:center|color:%23ffffff&#8221; use_theme_fonts=&#8221;yes&#8221;][\/vc_column][vc_column width=&#8221;1\/4&#8243;][\/vc_column][\/vc_row][vc_row][vc_column offset=&#8221;vc_hidden-sm vc_hidden-xs&#8221;][vc_widget_sidebar sidebar_id=&#8221;sidebar-5b6cfa681b024&#8243;][\/vc_column][\/vc_row][vc_row css=&#8221;.vc_custom_1536635902854{margin-bottom: 60px !important;padding-top: 60px !important;}&#8221;][vc_column css_animation=&#8221;fadeInLeft&#8221; width=&#8221;1\/2&#8243; offset=&#8221;vc_col-xs-6&#8243;][vc_custom_heading text=&#8221;Transforme a sua ind\u00fastria com a automa\u00e7\u00e3o inteligente e eficiente da Alphatek Engenharia&#8221; use_theme_fonts=&#8221;yes&#8221;][vc_empty_space height=&#8221;40px&#8221;][vc_column_text]A Alphatek Engenharia \u00e9 especializada em automa\u00e7\u00e3o industrial, oferecendo solu\u00e7\u00f5es personalizadas para atender \u00e0s necessidades de cada cliente. Com anos de experi\u00eancia e conhecimento t\u00e9cnico avan\u00e7ado, somos capazes de oferecer as melhores solu\u00e7\u00f5es de automa\u00e7\u00e3o industrial para diversas ind\u00fastrias, incluindo a ind\u00fastria automotiva.<\/p>\n<p>Nosso time de engenheiros altamente qualificados trabalha em estreita colabora\u00e7\u00e3o com nossos clientes para entender seus desafios e requisitos espec\u00edficos. Desenvolvemos solu\u00e7\u00f5es personalizadas para cada caso, visando otimizar processos, aumentar a produtividade, reduzir custos e melhorar a seguran\u00e7a operacional.<\/p>\n<p>Al\u00e9m disso, estamos sempre atualizados sobre as \u00faltimas tend\u00eancias e tecnologias em automa\u00e7\u00e3o industrial. Nossos profissionais est\u00e3o constantemente aprimorando suas habilidades e conhecimentos para oferecer as melhores solu\u00e7\u00f5es de automa\u00e7\u00e3o para nossos clientes.<\/p>\n<p>Tamb\u00e9m somos especializados em solu\u00e7\u00f5es de automa\u00e7\u00e3o para saneamento e ind\u00fastrias, atendendo \u00e0s necessidades espec\u00edficas de cada setor. Nossos projetos visam aumentar a efici\u00eancia energ\u00e9tica, reduzir custos e garantir a seguran\u00e7a operacional dos equipamentos.<\/p>\n<p>A Alphatek Engenharia \u00e9 comprometida com a satisfa\u00e7\u00e3o de nossos clientes e oferece suporte t\u00e9cnico completo para todas as nossas solu\u00e7\u00f5es de automa\u00e7\u00e3o industrial. Entre em contato conosco para saber mais sobre como podemos ajud\u00e1-lo a melhorar a efici\u00eancia e seguran\u00e7a de suas opera\u00e7\u00f5es industriais.[\/vc_column_text][\/vc_column][vc_column css_animation=&#8221;fadeInRight&#8221; width=&#8221;1\/2&#8243; offset=&#8221;vc_col-xs-6&#8243;][vc_column_text]Tamb\u00e9m a digitaliza\u00e7\u00e3o de processos e a Ind\u00fastria 4.0 est\u00e3o completamente alinhadas com a nossa \u00e1rea de Automa\u00e7\u00e3o Industrial. N\u00f3s estamos sempre buscando as \u00faltimas tend\u00eancias tecnol\u00f3gicas para otimizar os processos dos nossos clientes, desde as pequenas ind\u00fastrias at\u00e9 as grandes montadoras.<\/p>\n<p>Nossa equipe de especialistas em Automa\u00e7\u00e3o Industrial est\u00e1 preparada para ajudar nossos clientes a se adequarem \u00e0s normas NR12 e outras regulamenta\u00e7\u00f5es do mercado. Al\u00e9m disso, temos expertise em integrar solu\u00e7\u00f5es de software e hardware para tornar as linhas de produ\u00e7\u00e3o mais eficientes e produtivas, reduzindo custos e aumentando a qualidade dos produtos.<\/p>\n<p>A digitaliza\u00e7\u00e3o de processos \u00e9 fundamental para uma ind\u00fastria mais inteligente e conectada. Com as solu\u00e7\u00f5es de automa\u00e7\u00e3o da Alphatek Engenharia, nossos clientes podem coletar e analisar dados em tempo real, identificando oportunidades de melhoria e tomando decis\u00f5es mais assertivas. Isso resulta em uma produ\u00e7\u00e3o mais \u00e1gil e flex\u00edvel, com menos desperd\u00edcio e retrabalho.<\/p>\n<p>A Ind\u00fastria 4.0 \u00e9 uma realidade que j\u00e1 est\u00e1 transformando o mercado. Na Alphatek Engenharia, n\u00f3s estamos na vanguarda dessa transforma\u00e7\u00e3o, oferecendo solu\u00e7\u00f5es de automa\u00e7\u00e3o baseadas em intelig\u00eancia artificial, internet das coisas e big data analytics. Isso permite aos nossos clientes alcan\u00e7ar n\u00edveis de efici\u00eancia nunca antes vistos, melhorando a qualidade dos produtos e aumentando a competitividade no mercado.<\/p>\n<p>Em resumo, a <strong>Alphatek Engenharia \u00e9 a escolha certa para empresas que buscam inova\u00e7\u00e3o e efici\u00eancia na \u00e1rea de Automa\u00e7\u00e3o Industrial<\/strong>. N\u00f3s estamos prontos para ajudar nossos clientes a dar o pr\u00f3ximo passo em dire\u00e7\u00e3o a uma produ\u00e7\u00e3o mais inteligente, conectada e eficiente. Conte conosco para transformar a sua ind\u00fastria em uma refer\u00eancia no mercado.[\/vc_column_text][\/vc_column][\/vc_row]<\/p>\n","protected":false},"excerpt":{"rendered":"<p>[vc_row parallax=&#8221;content-moving&#8221; css=&#8221;.vc_custom_1681955593771{padding-top: 80px !important;padding-right: 80px !important;padding-bottom: 80px !important;padding-left: 80px !important;background: #dddddd url(http:\/\/www.alphatek.com.br\/wp-content\/uploads\/2022\/09\/d.jpg?id=2272);background-position: center;background-repeat: no-repeat !important;background-size: cover !important;}&#8221;][vc_column width=&#8221;1\/4&#8243;][\/vc_column][vc_column width=&#8221;1\/2&#8243;][vc_custom_heading text=&#8221;Automa\u00e7\u00e3o Industrial&#8221; font_container=&#8221;tag:h2|font_size:2.875rem|text_align:center|color:%23ffffff&#8221; use_theme_fonts=&#8221;yes&#8221;][vc_empty_space height=&#8221;10px&#8221;][vc_custom_heading text=&#8221;Automatize sua ind\u00fastria e fa\u00e7a parte da revolu\u00e7\u00e3o da Ind\u00fastria 4.0&#8243; font_container=&#8221;tag:div|text_align:center|color:%23ffffff&#8221; use_theme_fonts=&#8221;yes&#8221;][\/vc_column][vc_column width=&#8221;1\/4&#8243;][\/vc_column][\/vc_row][vc_row][vc_column offset=&#8221;vc_hidden-sm vc_hidden-xs&#8221;][vc_widget_sidebar sidebar_id=&#8221;sidebar-5b6cfa681b024&#8243;][\/vc_column][\/vc_row][vc_row css=&#8221;.vc_custom_1536635902854{margin-bottom: 60px !important;padding-top: 60px !important;}&#8221;][vc_column css_animation=&#8221;fadeInLeft&#8221; width=&#8221;1\/2&#8243; offset=&#8221;vc_col-xs-6&#8243;][vc_custom_heading text=&#8221;Transforme a sua ind\u00fastria com [&hellip;]<\/p>\n","protected":false},"author":1,"featured_media":2272,"parent":0,"menu_order":0,"comment_status":"closed","ping_status":"closed","template":"tmpl\/template-fullwidth.php","meta":{"_themeisle_gutenberg_block_has_review":false,"footnotes":""},"class_list":["post-2172","page","type-page","status-publish","has-post-thumbnail","hentry"],"acf":[],"_links":{"self":[{"href":"https:\/\/www.alphatek.com.br\/index.php\/wp-json\/wp\/v2\/pages\/2172","targetHints":{"allow":["GET"]}}],"collection":[{"href":"https:\/\/www.alphatek.com.br\/index.php\/wp-json\/wp\/v2\/pages"}],"about":[{"href":"https:\/\/www.alphatek.com.br\/index.php\/wp-json\/wp\/v2\/types\/page"}],"author":[{"embeddable":true,"href":"https:\/\/www.alphatek.com.br\/index.php\/wp-json\/wp\/v2\/users\/1"}],"replies":[{"embeddable":true,"href":"https:\/\/www.alphatek.com.br\/index.php\/wp-json\/wp\/v2\/comments?post=2172"}],"version-history":[{"count":5,"href":"https:\/\/www.alphatek.com.br\/index.php\/wp-json\/wp\/v2\/pages\/2172\/revisions"}],"predecessor-version":[{"id":2381,"href":"https:\/\/www.alphatek.com.br\/index.php\/wp-json\/wp\/v2\/pages\/2172\/revisions\/2381"}],"wp:featuredmedia":[{"embeddable":true,"href":"https:\/\/www.alphatek.com.br\/index.php\/wp-json\/wp\/v2\/media\/2272"}],"wp:attachment":[{"href":"https:\/\/www.alphatek.com.br\/index.php\/wp-json\/wp\/v2\/media?parent=2172"}],"curies":[{"name":"wp","href":"https:\/\/api.w.org\/{rel}","templated":true}]}}