{"id":2163,"date":"2022-09-10T12:26:21","date_gmt":"2022-09-10T15:26:21","guid":{"rendered":"https:\/\/www.alphatek.com.br\/?page_id=2163"},"modified":"2023-04-19T22:57:00","modified_gmt":"2023-04-20T01:57:00","slug":"automacao-em-saneamento","status":"publish","type":"page","link":"https:\/\/www.alphatek.com.br\/index.php\/automacao-em-saneamento\/","title":{"rendered":"Automa\u00e7\u00e3o em Saneamento"},"content":{"rendered":"<p>[vc_row parallax=&#8221;content-moving&#8221; css=&#8221;.vc_custom_1681955692673{padding-top: 80px !important;padding-right: 80px !important;padding-bottom: 80px !important;padding-left: 80px !important;background: #dddddd url(http:\/\/www.alphatek.com.br\/wp-content\/uploads\/2023\/03\/AdobeStock_368340921-scaled.jpeg?id=2363);background-position: center;background-repeat: no-repeat !important;background-size: cover !important;}&#8221;][vc_column width=&#8221;1\/4&#8243;][\/vc_column][vc_column width=&#8221;1\/2&#8243;][vc_custom_heading text=&#8221;Automa\u00e7\u00e3o em Saneamento&#8221; font_container=&#8221;tag:h2|font_size:2.875rem|text_align:center|color:%23180056&#8243; use_theme_fonts=&#8221;yes&#8221;][vc_empty_space height=&#8221;10px&#8221;][vc_custom_heading text=&#8221;Revolucionando o saneamento com IA e Automa\u00e7\u00e3o.&#8221; font_container=&#8221;tag:div|text_align:center|color:%23000000&#8243; use_theme_fonts=&#8221;yes&#8221;][\/vc_column][vc_column width=&#8221;1\/4&#8243;][\/vc_column][\/vc_row][vc_row][vc_column offset=&#8221;vc_hidden-sm vc_hidden-xs&#8221;][vc_widget_sidebar sidebar_id=&#8221;sidebar-5b6cfa681b024&#8243;][\/vc_column][\/vc_row][vc_row css=&#8221;.vc_custom_1536635902854{margin-bottom: 60px !important;padding-top: 60px !important;}&#8221;][vc_column css_animation=&#8221;fadeInLeft&#8221; width=&#8221;1\/2&#8243; offset=&#8221;vc_col-xs-6&#8243;][vc_custom_heading text=&#8221;A automa\u00e7\u00e3o com intelig\u00eancia artificial est\u00e1 transformando o saneamento no Brasil, levando efici\u00eancia, gest\u00e3o de perdas e seguran\u00e7a operacional para cidades como Teresina, Manaus, Macei\u00f3 entre muitas outras.&#8221; use_theme_fonts=&#8221;yes&#8221;][vc_empty_space height=&#8221;40px&#8221;][vc_column_text]A automa\u00e7\u00e3o \u00e9 uma ferramenta cada vez mais presente no setor de saneamento, auxiliando no aumento da efici\u00eancia e redu\u00e7\u00e3o de custos das opera\u00e7\u00f5es. N\u00f3s, da nossa empresa, estamos na vanguarda dessa tecnologia, oferecendo solu\u00e7\u00f5es inovadoras de automa\u00e7\u00e3o para saneamento, como o SIGA (Sistema Integrado de Gerenciamento de \u00c1gua) e o SIGE (Sistema Integrado de Gerenciamento de Esgoto), que utilizam recursos de intelig\u00eancia artificial.<\/p>\n<p>Essas solu\u00e7\u00f5es permitem a coleta e an\u00e1lise de dados em tempo real, o que possibilita uma gest\u00e3o mais precisa e eficiente dos recursos h\u00eddricos, al\u00e9m de auxiliar na preven\u00e7\u00e3o de problemas e na identifica\u00e7\u00e3o de \u00e1reas de risco. Com isso, \u00e9 poss\u00edvel reduzir perdas de \u00e1gua, aumentar a efici\u00eancia energ\u00e9tica, melhorar a qualidade do servi\u00e7o prestado aos clientes e reduzir custos operacionais.<\/p>\n<p>[\/vc_column_text][\/vc_column][vc_column css_animation=&#8221;fadeInRight&#8221; width=&#8221;1\/2&#8243; offset=&#8221;vc_col-xs-6&#8243;][vc_column_text]Com a implanta\u00e7\u00e3o do SIGA e do SIGE em diversas cidades do Brasil, estamos mudando o panorama do saneamento, levando tecnologia de ponta e solu\u00e7\u00f5es inovadoras para atender \u00e0s necessidades dos nossos clientes e contribuir para a melhoria da qualidade de vida da popula\u00e7\u00e3o. Estamos comprometidos em seguir inovando e contribuindo para o desenvolvimento do setor de saneamento no pa\u00eds.<\/p>\n<p style=\"text-align: left;\">Nossas solu\u00e7\u00f5es de automa\u00e7\u00e3o para saneamento t\u00eam trazido grandes benef\u00edcios para os nossos clientes em todo o Brasil. Com o uso de intelig\u00eancia artificial, nossos sistemas SIGA e SIGE t\u00eam revolucionado a maneira como as empresas de saneamento gerenciam suas opera\u00e7\u00f5es. Em Teresina, por exemplo, nossos projetos t\u00eam ajudado a reduzir as perdas de \u00e1gua em mais de 18% eliminando erros de opera\u00e7\u00e3o humana. Em Manaus, implementamos solu\u00e7\u00f5es que melhoraram a efici\u00eancia energ\u00e9tica em mais de 15%. Em v\u00e1rias cidades do Mato Grosso, nossas solu\u00e7\u00f5es ajudaram a aumentar a seguran\u00e7a operacional e a reduzir os custos de manuten\u00e7\u00e3o, reduzindo a opera\u00e7\u00e3o humana ao m\u00ednimo necess\u00e1rio. Em Macei\u00f3 e no interior do sert\u00e3o Alagoano, nossos sistemas t\u00eam contribu\u00eddo para uma gest\u00e3o mais eficiente dos recursos h\u00eddricos, garantindo o abastecimento cont\u00ednuo de \u00e1gua para a popula\u00e7\u00e3o. Com a automa\u00e7\u00e3o para saneamento, estamos ajudando nossos clientes a enfrentar os desafios do setor e a fornecer servi\u00e7os de qualidade para as comunidades.<\/p>\n<p><strong>\u00a0<\/strong>[\/vc_column_text][\/vc_column][\/vc_row]<\/p>\n","protected":false},"excerpt":{"rendered":"<p>[vc_row parallax=&#8221;content-moving&#8221; css=&#8221;.vc_custom_1681955692673{padding-top: 80px !important;padding-right: 80px !important;padding-bottom: 80px !important;padding-left: 80px !important;background: #dddddd url(http:\/\/www.alphatek.com.br\/wp-content\/uploads\/2023\/03\/AdobeStock_368340921-scaled.jpeg?id=2363);background-position: center;background-repeat: no-repeat !important;background-size: cover !important;}&#8221;][vc_column width=&#8221;1\/4&#8243;][\/vc_column][vc_column width=&#8221;1\/2&#8243;][vc_custom_heading text=&#8221;Automa\u00e7\u00e3o em Saneamento&#8221; font_container=&#8221;tag:h2|font_size:2.875rem|text_align:center|color:%23180056&#8243; use_theme_fonts=&#8221;yes&#8221;][vc_empty_space height=&#8221;10px&#8221;][vc_custom_heading text=&#8221;Revolucionando o saneamento com IA e Automa\u00e7\u00e3o.&#8221; font_container=&#8221;tag:div|text_align:center|color:%23000000&#8243; use_theme_fonts=&#8221;yes&#8221;][\/vc_column][vc_column width=&#8221;1\/4&#8243;][\/vc_column][\/vc_row][vc_row][vc_column offset=&#8221;vc_hidden-sm vc_hidden-xs&#8221;][vc_widget_sidebar sidebar_id=&#8221;sidebar-5b6cfa681b024&#8243;][\/vc_column][\/vc_row][vc_row css=&#8221;.vc_custom_1536635902854{margin-bottom: 60px !important;padding-top: 60px !important;}&#8221;][vc_column css_animation=&#8221;fadeInLeft&#8221; width=&#8221;1\/2&#8243; offset=&#8221;vc_col-xs-6&#8243;][vc_custom_heading text=&#8221;A automa\u00e7\u00e3o com intelig\u00eancia artificial est\u00e1 transformando o [&hellip;]<\/p>\n","protected":false},"author":1,"featured_media":0,"parent":0,"menu_order":0,"comment_status":"closed","ping_status":"closed","template":"tmpl\/template-fullwidth.php","meta":{"_themeisle_gutenberg_block_has_review":false,"footnotes":""},"class_list":["post-2163","page","type-page","status-publish","hentry"],"acf":[],"_links":{"self":[{"href":"https:\/\/www.alphatek.com.br\/index.php\/wp-json\/wp\/v2\/pages\/2163","targetHints":{"allow":["GET"]}}],"collection":[{"href":"https:\/\/www.alphatek.com.br\/index.php\/wp-json\/wp\/v2\/pages"}],"about":[{"href":"https:\/\/www.alphatek.com.br\/index.php\/wp-json\/wp\/v2\/types\/page"}],"author":[{"embeddable":true,"href":"https:\/\/www.alphatek.com.br\/index.php\/wp-json\/wp\/v2\/users\/1"}],"replies":[{"embeddable":true,"href":"https:\/\/www.alphatek.com.br\/index.php\/wp-json\/wp\/v2\/comments?post=2163"}],"version-history":[{"count":12,"href":"https:\/\/www.alphatek.com.br\/index.php\/wp-json\/wp\/v2\/pages\/2163\/revisions"}],"predecessor-version":[{"id":2387,"href":"https:\/\/www.alphatek.com.br\/index.php\/wp-json\/wp\/v2\/pages\/2163\/revisions\/2387"}],"wp:attachment":[{"href":"https:\/\/www.alphatek.com.br\/index.php\/wp-json\/wp\/v2\/media?parent=2163"}],"curies":[{"name":"wp","href":"https:\/\/api.w.org\/{rel}","templated":true}]}}