{"id":2158,"date":"2022-09-10T12:21:55","date_gmt":"2022-09-10T15:21:55","guid":{"rendered":"https:\/\/www.alphatek.com.br\/?page_id=2158"},"modified":"2023-03-21T23:50:14","modified_gmt":"2023-03-22T02:50:14","slug":"politica-de-sustentabilidade","status":"publish","type":"page","link":"https:\/\/www.alphatek.com.br\/index.php\/politica-de-sustentabilidade\/","title":{"rendered":"Pol\u00edtica de Sustentabilidade"},"content":{"rendered":"<p>[vc_row parallax=&#8221;content-moving&#8221; css=&#8221;.vc_custom_1662822280824{padding-top: 80px !important;padding-right: 80px !important;padding-bottom: 80px !important;padding-left: 80px !important;background-color: #dddddd !important;background-position: center;background-repeat: no-repeat !important;background-size: cover !important;}&#8221;][vc_column width=&#8221;1\/4&#8243;][\/vc_column][vc_column width=&#8221;1\/2&#8243;][vc_custom_heading text=&#8221;Pol\u00edtica de Sustentabilidade&#8221; font_container=&#8221;tag:h2|font_size:2.875rem|text_align:center&#8221; use_theme_fonts=&#8221;yes&#8221;][vc_empty_space height=&#8221;10px&#8221;][vc_custom_heading text=&#8221;Nenhuma tecnologia inovadora pode superar a import\u00e2ncia da sustentabilidade para o futuro da humanidade&#8221; font_container=&#8221;tag:div|text_align:center&#8221; use_theme_fonts=&#8221;yes&#8221;][\/vc_column][vc_column width=&#8221;1\/4&#8243;][\/vc_column][\/vc_row][vc_row][vc_column offset=&#8221;vc_hidden-sm vc_hidden-xs&#8221;][vc_widget_sidebar sidebar_id=&#8221;sidebar-5b6cfa681b024&#8243;][\/vc_column][\/vc_row][vc_row css=&#8221;.vc_custom_1536635902854{margin-bottom: 60px !important;padding-top: 60px !important;}&#8221;][vc_column css_animation=&#8221;fadeInLeft&#8221; width=&#8221;1\/2&#8243; offset=&#8221;vc_col-xs-6&#8243;][vc_custom_heading text=&#8221;Pela responsabilidade ambiental: A pol\u00edtica de sustentabilidade da Alphatek Engenharia para a ind\u00fastria e saneamento&#8220;&#8221; use_theme_fonts=&#8221;yes&#8221;][vc_empty_space height=&#8221;40px&#8221;][vc_column_text]Na Alphatek Engenharia valorizamos a sustentabilidade e assumimos o compromisso de promover a\u00e7\u00f5es que reduzam o impacto ambiental em nossas atividades. Para isso, estabelecemos a seguinte pol\u00edtica de sustentabilidade:<\/p>\n<p><strong>1. Efici\u00eancia energ\u00e9tica:<\/strong> Buscamos constantemente a utiliza\u00e7\u00e3o de tecnologias eficientes e a redu\u00e7\u00e3o do consumo de energia em nossas atividades. Promovemos a conscientiza\u00e7\u00e3o aos nossos colaboradores, incentivando a ado\u00e7\u00e3o de medidas para otimiza\u00e7\u00e3o do uso de energia em nosso escrit\u00f3rio e instala\u00e7\u00f5es, bem como nos projetos nas \u00e1reas de saneamento e ind\u00fastria.<\/p>\n<p><strong>2. Gerenciamento de res\u00edduos:<\/strong> Adotamos pr\u00e1ticas que visem a redu\u00e7\u00e3o, reutiliza\u00e7\u00e3o e reciclagem de res\u00edduos gerados em nossas atividades. Na f\u00e1brica de paineis el\u00e9tricos, buscamos sempre o reaproveitamento de sobras de material, a destina\u00e7\u00e3o adequada dos res\u00edduos e a segrega\u00e7\u00e3o de materiais para reciclagem.<\/p>\n<p><strong>3. Desenvolvimento sustent\u00e1vel:<\/strong> Buscamos a utiliza\u00e7\u00e3o de materiais sustent\u00e1veis em nossos projetos, como o aproveitamento de \u00e1guas pluviais para a lavagem dos nossos espa\u00e7os, a utiliza\u00e7\u00e3o de fontes de energia limpa, a prefer\u00eancia por materiais reciclados e a ado\u00e7\u00e3o de pr\u00e1ticas que visem a preserva\u00e7\u00e3o da fauna e flora local nos locais onde atuamos em campo.<\/p>\n<p><strong>4. Compromisso com a legisla\u00e7\u00e3o ambiental:<\/strong> Comprometemo-nos a atender \u00e0s legisla\u00e7\u00f5es e regulamenta\u00e7\u00f5es ambientais aplic\u00e1veis \u00e0s nossas atividades, acompanhando continuamente as novas normas para manter a conformidade ambientalmente respons\u00e1vel.<\/p>\n<p><strong>5. Educa\u00e7\u00e3o e conscientiza\u00e7\u00e3o:<\/strong> Incentivamos e promovemos a\u00e7\u00f5es de educa\u00e7\u00e3o e conscientiza\u00e7\u00e3o relacionadas \u00e0 sustentabilidade entre nossos colaboradores, parceiros e clientes, visando a constru\u00e7\u00e3o de uma cultura empresarial voltada \u00e0 preserva\u00e7\u00e3o ambiental.<\/p>\n<p><strong>A Alphatek Engenharia ratifica seu compromisso com a sustentabilidade, promovendo uma gest\u00e3o ambiental respons\u00e1vel e fomentando a pr\u00e1tica de a\u00e7\u00f5es que visem o desenvolvimento sustent\u00e1vel nas \u00e1reas de saneamento e ind\u00fastria, buscando a otimiza\u00e7\u00e3o dos recursos naturais e a preserva\u00e7\u00e3o do meio ambiente.<\/strong>[\/vc_column_text][\/vc_column][vc_column width=&#8221;1\/2&#8243;][vc_single_image image=&#8221;2273&#8243; img_size=&#8221;full&#8221; alignment=&#8221;center&#8221; style=&#8221;vc_box_rounded&#8221; css_animation=&#8221;none&#8221;][\/vc_column][\/vc_row]<\/p>\n","protected":false},"excerpt":{"rendered":"<p>[vc_row parallax=&#8221;content-moving&#8221; css=&#8221;.vc_custom_1662822280824{padding-top: 80px !important;padding-right: 80px !important;padding-bottom: 80px !important;padding-left: 80px !important;background-color: #dddddd !important;background-position: center;background-repeat: no-repeat !important;background-size: cover !important;}&#8221;][vc_column width=&#8221;1\/4&#8243;][\/vc_column][vc_column width=&#8221;1\/2&#8243;][vc_custom_heading text=&#8221;Pol\u00edtica de Sustentabilidade&#8221; font_container=&#8221;tag:h2|font_size:2.875rem|text_align:center&#8221; use_theme_fonts=&#8221;yes&#8221;][vc_empty_space height=&#8221;10px&#8221;][vc_custom_heading text=&#8221;Nenhuma tecnologia inovadora pode superar a import\u00e2ncia da sustentabilidade para o futuro da humanidade&#8221; font_container=&#8221;tag:div|text_align:center&#8221; use_theme_fonts=&#8221;yes&#8221;][\/vc_column][vc_column width=&#8221;1\/4&#8243;][\/vc_column][\/vc_row][vc_row][vc_column offset=&#8221;vc_hidden-sm vc_hidden-xs&#8221;][vc_widget_sidebar sidebar_id=&#8221;sidebar-5b6cfa681b024&#8243;][\/vc_column][\/vc_row][vc_row css=&#8221;.vc_custom_1536635902854{margin-bottom: 60px !important;padding-top: 60px !important;}&#8221;][vc_column css_animation=&#8221;fadeInLeft&#8221; width=&#8221;1\/2&#8243; offset=&#8221;vc_col-xs-6&#8243;][vc_custom_heading text=&#8221;Pela [&hellip;]<\/p>\n","protected":false},"author":1,"featured_media":0,"parent":0,"menu_order":0,"comment_status":"closed","ping_status":"closed","template":"tmpl\/template-fullwidth.php","meta":{"_themeisle_gutenberg_block_has_review":false,"footnotes":""},"class_list":["post-2158","page","type-page","status-publish","hentry"],"acf":[],"_links":{"self":[{"href":"https:\/\/www.alphatek.com.br\/index.php\/wp-json\/wp\/v2\/pages\/2158","targetHints":{"allow":["GET"]}}],"collection":[{"href":"https:\/\/www.alphatek.com.br\/index.php\/wp-json\/wp\/v2\/pages"}],"about":[{"href":"https:\/\/www.alphatek.com.br\/index.php\/wp-json\/wp\/v2\/types\/page"}],"author":[{"embeddable":true,"href":"https:\/\/www.alphatek.com.br\/index.php\/wp-json\/wp\/v2\/users\/1"}],"replies":[{"embeddable":true,"href":"https:\/\/www.alphatek.com.br\/index.php\/wp-json\/wp\/v2\/comments?post=2158"}],"version-history":[{"count":4,"href":"https:\/\/www.alphatek.com.br\/index.php\/wp-json\/wp\/v2\/pages\/2158\/revisions"}],"predecessor-version":[{"id":2362,"href":"https:\/\/www.alphatek.com.br\/index.php\/wp-json\/wp\/v2\/pages\/2158\/revisions\/2362"}],"wp:attachment":[{"href":"https:\/\/www.alphatek.com.br\/index.php\/wp-json\/wp\/v2\/media?parent=2158"}],"curies":[{"name":"wp","href":"https:\/\/api.w.org\/{rel}","templated":true}]}}