{"id":2156,"date":"2022-09-10T12:21:03","date_gmt":"2022-09-10T15:21:03","guid":{"rendered":"https:\/\/www.alphatek.com.br\/?page_id=2156"},"modified":"2023-03-21T23:26:07","modified_gmt":"2023-03-22T02:26:07","slug":"governancacorporativa","status":"publish","type":"page","link":"https:\/\/www.alphatek.com.br\/index.php\/governancacorporativa\/","title":{"rendered":"Governan\u00e7a Corporativa"},"content":{"rendered":"<p>[vc_row parallax=&#8221;content-moving&#8221; css=&#8221;.vc_custom_1662822280824{padding-top: 80px !important;padding-right: 80px !important;padding-bottom: 80px !important;padding-left: 80px !important;background-color: #dddddd !important;background-position: center;background-repeat: no-repeat !important;background-size: cover !important;}&#8221;][vc_column width=&#8221;1\/4&#8243;][\/vc_column][vc_column width=&#8221;1\/2&#8243;][vc_custom_heading text=&#8221;Governan\u00e7a Corporativa&#8221; font_container=&#8221;tag:h2|font_size:2.875rem|text_align:center&#8221; use_theme_fonts=&#8221;yes&#8221;][vc_empty_space height=&#8221;10px&#8221;][vc_custom_heading text=&#8221;A governan\u00e7a corporativa \u00e9 o alicerce que sustenta a confian\u00e7a e a transpar\u00eancia nas rela\u00e7\u00f5es empresariais, garantindo a sustentabilidade e o sucesso no longo prazo.&#8221; font_container=&#8221;tag:div|text_align:center&#8221; use_theme_fonts=&#8221;yes&#8221;][\/vc_column][vc_column width=&#8221;1\/4&#8243;][\/vc_column][\/vc_row][vc_row][vc_column offset=&#8221;vc_hidden-sm vc_hidden-xs&#8221;][vc_widget_sidebar sidebar_id=&#8221;sidebar-5b6cfa681b024&#8243;][\/vc_column][\/vc_row][vc_row css=&#8221;.vc_custom_1536635902854{margin-bottom: 60px !important;padding-top: 60px !important;}&#8221;][vc_column css_animation=&#8221;fadeInLeft&#8221; width=&#8221;1\/2&#8243; offset=&#8221;vc_col-xs-6&#8243;][vc_custom_heading text=&#8221;Compromisso com a sustentabilidade: investimos em solu\u00e7\u00f5es \u00e9ticas e respons\u00e1veis para um futuro melhor.&#8221; use_theme_fonts=&#8221;yes&#8221;][vc_empty_space height=&#8221;40px&#8221;][vc_column_text]A Alphatek Engenharia \u00e9 uma empresa comprometida com a sustentabilidade, tanto em suas solu\u00e7\u00f5es em automa\u00e7\u00e3o, quanto em sua governan\u00e7a corporativa. Acreditamos que a efici\u00eancia e tecnologia s\u00e3o fundamentais para um mundo mais sustent\u00e1vel, e por isso, buscamos aplicar esses valores em todas as \u00e1reas de atua\u00e7\u00e3o.<\/p>\n<p>Um dos pilares do nosso compromisso com a sustentabilidade \u00e9 a nossa governan\u00e7a corporativa, baseada em certifica\u00e7\u00f5es de qualidade e compliance. Isso significa que seguimos as normas exigidas em nossa \u00e1rea, buscamos aprimorar nossos processos constantemente e garantimos a transpar\u00eancia e responsabilidade em todas as nossas rela\u00e7\u00f5es.<\/p>\n<p>Ao escolher a Alphatek Engenharia, nossos clientes t\u00eam a seguran\u00e7a de que est\u00e3o trabalhando com uma empresa que se preocupa com a qualidade e a sustentabilidade dos seus servi\u00e7os. Al\u00e9m disso, nossas solu\u00e7\u00f5es em automa\u00e7\u00e3o tamb\u00e9m s\u00e3o desenvolvidas com foco na efici\u00eancia e na economia de recursos, contribuindo para um mundo mais sustent\u00e1vel.<\/p>\n<p>Os sistemas de automa\u00e7\u00e3o que oferecemos permitem o gerenciamento eficiente de recursos e a redu\u00e7\u00e3o de desperd\u00edcios. Com isso, contribu\u00edmos para a preserva\u00e7\u00e3o do meio ambiente e para a constru\u00e7\u00e3o de um futuro mais respons\u00e1vel e sustent\u00e1vel.<\/p>\n<p>Na Alphatek Engenharia, acreditamos que a tecnologia e a efici\u00eancia podem contribuir significativamente para um mundo mais sustent\u00e1vel. Por isso, investimos em solu\u00e7\u00f5es inovadoras e \u00e9ticas, seguindo as normas e padr\u00f5es internacionais de qualidade e sustentabilidade.<\/p>\n<p>Ao escolher a Alphatek Engenharia, nossos clientes t\u00eam a certeza de estar trabalhando com uma empresa que se preocupa com o presente e o futuro do planeta.<\/p>\n<p><strong>Conte conosco para desenvolver solu\u00e7\u00f5es de automa\u00e7\u00e3o eficientes e respons\u00e1veis, contribuindo para um mundo mais sustent\u00e1vel.<\/strong>[\/vc_column_text][\/vc_column][vc_column width=&#8221;1\/2&#8243;][vc_single_image image=&#8221;2274&#8243; img_size=&#8221;full&#8221; alignment=&#8221;center&#8221; style=&#8221;vc_box_rounded&#8221; css_animation=&#8221;none&#8221;][\/vc_column][\/vc_row]<\/p>\n","protected":false},"excerpt":{"rendered":"<p>[vc_row parallax=&#8221;content-moving&#8221; css=&#8221;.vc_custom_1662822280824{padding-top: 80px !important;padding-right: 80px !important;padding-bottom: 80px !important;padding-left: 80px !important;background-color: #dddddd !important;background-position: center;background-repeat: no-repeat !important;background-size: cover !important;}&#8221;][vc_column width=&#8221;1\/4&#8243;][\/vc_column][vc_column width=&#8221;1\/2&#8243;][vc_custom_heading text=&#8221;Governan\u00e7a Corporativa&#8221; font_container=&#8221;tag:h2|font_size:2.875rem|text_align:center&#8221; use_theme_fonts=&#8221;yes&#8221;][vc_empty_space height=&#8221;10px&#8221;][vc_custom_heading text=&#8221;A governan\u00e7a corporativa \u00e9 o alicerce que sustenta a confian\u00e7a e a transpar\u00eancia nas rela\u00e7\u00f5es empresariais, garantindo a sustentabilidade e o sucesso no longo prazo.&#8221; font_container=&#8221;tag:div|text_align:center&#8221; use_theme_fonts=&#8221;yes&#8221;][\/vc_column][vc_column width=&#8221;1\/4&#8243;][\/vc_column][\/vc_row][vc_row][vc_column offset=&#8221;vc_hidden-sm vc_hidden-xs&#8221;][vc_widget_sidebar [&hellip;]<\/p>\n","protected":false},"author":1,"featured_media":0,"parent":0,"menu_order":0,"comment_status":"closed","ping_status":"closed","template":"tmpl\/template-fullwidth.php","meta":{"_themeisle_gutenberg_block_has_review":false,"footnotes":""},"class_list":["post-2156","page","type-page","status-publish","hentry"],"acf":[],"_links":{"self":[{"href":"https:\/\/www.alphatek.com.br\/index.php\/wp-json\/wp\/v2\/pages\/2156","targetHints":{"allow":["GET"]}}],"collection":[{"href":"https:\/\/www.alphatek.com.br\/index.php\/wp-json\/wp\/v2\/pages"}],"about":[{"href":"https:\/\/www.alphatek.com.br\/index.php\/wp-json\/wp\/v2\/types\/page"}],"author":[{"embeddable":true,"href":"https:\/\/www.alphatek.com.br\/index.php\/wp-json\/wp\/v2\/users\/1"}],"replies":[{"embeddable":true,"href":"https:\/\/www.alphatek.com.br\/index.php\/wp-json\/wp\/v2\/comments?post=2156"}],"version-history":[{"count":5,"href":"https:\/\/www.alphatek.com.br\/index.php\/wp-json\/wp\/v2\/pages\/2156\/revisions"}],"predecessor-version":[{"id":2359,"href":"https:\/\/www.alphatek.com.br\/index.php\/wp-json\/wp\/v2\/pages\/2156\/revisions\/2359"}],"wp:attachment":[{"href":"https:\/\/www.alphatek.com.br\/index.php\/wp-json\/wp\/v2\/media?parent=2156"}],"curies":[{"name":"wp","href":"https:\/\/api.w.org\/{rel}","templated":true}]}}