{"id":2144,"date":"2022-09-10T11:59:54","date_gmt":"2022-09-10T14:59:54","guid":{"rendered":"https:\/\/www.alphatek.com.br\/?page_id=2144"},"modified":"2023-03-26T15:40:26","modified_gmt":"2023-03-26T18:40:26","slug":"estrutura","status":"publish","type":"page","link":"https:\/\/www.alphatek.com.br\/index.php\/estrutura\/","title":{"rendered":"Estrutura Organizacional"},"content":{"rendered":"<p>[vc_row parallax=&#8221;content-moving&#8221; css=&#8221;.vc_custom_1662822280824{padding-top: 80px !important;padding-right: 80px !important;padding-bottom: 80px !important;padding-left: 80px !important;background-color: #dddddd !important;background-position: center;background-repeat: no-repeat !important;background-size: cover !important;}&#8221;][vc_column width=&#8221;1\/4&#8243;][\/vc_column][vc_column width=&#8221;1\/2&#8243;][vc_custom_heading text=&#8221;Estrutura Organizacional&#8221; font_container=&#8221;tag:h2|font_size:2.875rem|text_align:center&#8221; use_theme_fonts=&#8221;yes&#8221;][vc_empty_space height=&#8221;10px&#8221;][vc_custom_heading text=&#8221;A nossa estrutura organizacional alavanca o sucesso do seu neg\u00f3cio.&#8221; font_container=&#8221;tag:div|text_align:center&#8221; use_theme_fonts=&#8221;yes&#8221;][\/vc_column][vc_column width=&#8221;1\/4&#8243;][\/vc_column][\/vc_row][vc_row][vc_column offset=&#8221;vc_hidden-sm vc_hidden-xs&#8221;][vc_widget_sidebar sidebar_id=&#8221;sidebar-5b6cfa681b024&#8243;][\/vc_column][\/vc_row][vc_row css=&#8221;.vc_custom_1536635902854{margin-bottom: 60px !important;padding-top: 60px !important;}&#8221;][vc_column css_animation=&#8221;fadeInLeft&#8221; width=&#8221;1\/2&#8243; offset=&#8221;vc_col-xs-6&#8243;][vc_custom_heading text=&#8221;Bem-vindo \u00e0 p\u00e1gina de Estrutura Organizacional da Alphatek Engenharia!&#8221; use_theme_fonts=&#8221;yes&#8221;][vc_empty_space height=&#8221;40px&#8221;][vc_column_text]<\/p>\n<div class=\"flex-1 overflow-hidden\">\n<div class=\"react-scroll-to-bottom--css-rgdbc-79elbk h-full dark:bg-gray-800\">\n<div class=\"react-scroll-to-bottom--css-rgdbc-1n7m0yu\">\n<div class=\"flex flex-col items-center text-sm dark:bg-gray-800\">\n<div class=\"group w-full text-gray-800 dark:text-gray-100 border-b border-black\/10 dark:border-gray-900\/50 bg-gray-50 dark:bg-[#444654]\">\n<div class=\"text-base gap-4 md:gap-6 md:max-w-2xl lg:max-w-2xl xl:max-w-3xl p-4 md:py-6 flex lg:px-0 m-auto\">\n<div class=\"relative flex w-[calc(100%-50px)] flex-col gap-1 md:gap-3 lg:w-[calc(100%-115px)]\">\n<div class=\"flex flex-grow flex-col gap-3\">\n<div class=\"min-h-[20px] flex flex-col items-start gap-4 whitespace-pre-wrap\">\n<div class=\"markdown prose w-full break-words dark:prose-invert light\">\n<p>\u00a0Somos uma empresa especializada em solu\u00e7\u00f5es inovadoras para Cidades Inteligentes, Saneamento, Ind\u00fastria 4.0, Agroneg\u00f3cio e Meio Ambiente, utilizando as mais modernas ferramentas de hardware e software dispon\u00edveis no mercado.<\/p>\n<p>Nossas \u00e1reas principais s\u00e3o as Opera\u00e7\u00f5es, respons\u00e1vel por executar projetos no cliente e fornecer suporte t\u00e9cnico, o Centro de Servi\u00e7os Compartilhados, a F\u00e1brica de Pain\u00e9is El\u00e9tricos, a \u00e1rea de Automa\u00e7\u00e3o e a \u00e1rea Comercial.<\/p>\n<p>Em nossas Opera\u00e7\u00f5es, temos uma equipe altamente qualificada e experiente, que trabalha diretamente com os nossos clientes para entender suas necessidades e oferecer solu\u00e7\u00f5es personalizadas que atendam aos seus requisitos espec\u00edficos. Al\u00e9m disso, nossa equipe de suporte t\u00e9cnico est\u00e1 sempre pronta para ajudar nossos clientes a resolver qualquer problema ou d\u00favida que possam ter ap\u00f3s a conclus\u00e3o do projeto.<\/p>\n<p>Nosso Centro de Servi\u00e7os Compartilhados \u00e9 respons\u00e1vel pela gest\u00e3o de processos internos, garantindo a efici\u00eancia e qualidade em nossos servi\u00e7os.<\/p>\n<p>Nossa F\u00e1brica de Pain\u00e9is El\u00e9tricos produz equipamentos de alta qualidade e tecnologia para nossos projetos de automa\u00e7\u00e3o industrial e saneamento.<\/p>\n<p>J\u00e1 em nossa \u00e1rea Comercial, contamos com profissionais altamente capacitados para entender as necessidades de nossos clientes e oferecer as melhores solu\u00e7\u00f5es para seus neg\u00f3cios.<\/p>\n<p>Na Alphatek Engenharia, investimos fortemente em inova\u00e7\u00e3o, incluindo tecnologias de intelig\u00eancia artificial em nossas solu\u00e7\u00f5es. Nossa equipe de inova\u00e7\u00e3o est\u00e1 sempre buscando novas maneiras de melhorar a efici\u00eancia, qualidade e seguran\u00e7a de nossos projetos, utilizando as mais avan\u00e7adas tecnologias dispon\u00edveis no mercado. Nosso objetivo \u00e9 fornecer solu\u00e7\u00f5es inovadoras que agreguem valor ao neg\u00f3cio de nossos clientes e contribuam para um futuro mais sustent\u00e1vel.<\/p>\n<\/div>\n<\/div>\n<\/div>\n<\/div>\n<\/div>\n<\/div>\n<\/div>\n<\/div>\n<\/div>\n<\/div>\n<p>[\/vc_column_text][\/vc_column][vc_column css_animation=&#8221;fadeInRight&#8221; width=&#8221;1\/2&#8243; offset=&#8221;vc_col-xs-6&#8243;][vc_single_image image=&#8221;2145&#8243; img_size=&#8221;full&#8221; alignment=&#8221;center&#8221; style=&#8221;vc_box_rounded&#8221; css_animation=&#8221;none&#8221;][\/vc_column][\/vc_row]<\/p>\n","protected":false},"excerpt":{"rendered":"<p>[vc_row parallax=&#8221;content-moving&#8221; css=&#8221;.vc_custom_1662822280824{padding-top: 80px !important;padding-right: 80px !important;padding-bottom: 80px !important;padding-left: 80px !important;background-color: #dddddd !important;background-position: center;background-repeat: no-repeat !important;background-size: cover !important;}&#8221;][vc_column width=&#8221;1\/4&#8243;][\/vc_column][vc_column width=&#8221;1\/2&#8243;][vc_custom_heading text=&#8221;Estrutura Organizacional&#8221; font_container=&#8221;tag:h2|font_size:2.875rem|text_align:center&#8221; use_theme_fonts=&#8221;yes&#8221;][vc_empty_space height=&#8221;10px&#8221;][vc_custom_heading text=&#8221;A nossa estrutura organizacional alavanca o sucesso do seu neg\u00f3cio.&#8221; font_container=&#8221;tag:div|text_align:center&#8221; use_theme_fonts=&#8221;yes&#8221;][\/vc_column][vc_column width=&#8221;1\/4&#8243;][\/vc_column][\/vc_row][vc_row][vc_column offset=&#8221;vc_hidden-sm vc_hidden-xs&#8221;][vc_widget_sidebar sidebar_id=&#8221;sidebar-5b6cfa681b024&#8243;][\/vc_column][\/vc_row][vc_row css=&#8221;.vc_custom_1536635902854{margin-bottom: 60px !important;padding-top: 60px !important;}&#8221;][vc_column css_animation=&#8221;fadeInLeft&#8221; width=&#8221;1\/2&#8243; offset=&#8221;vc_col-xs-6&#8243;][vc_custom_heading text=&#8221;Bem-vindo \u00e0 p\u00e1gina de Estrutura Organizacional [&hellip;]<\/p>\n","protected":false},"author":1,"featured_media":0,"parent":0,"menu_order":0,"comment_status":"closed","ping_status":"closed","template":"tmpl\/template-fullwidth.php","meta":{"_themeisle_gutenberg_block_has_review":false,"footnotes":""},"class_list":["post-2144","page","type-page","status-publish","hentry"],"acf":[],"_links":{"self":[{"href":"https:\/\/www.alphatek.com.br\/index.php\/wp-json\/wp\/v2\/pages\/2144","targetHints":{"allow":["GET"]}}],"collection":[{"href":"https:\/\/www.alphatek.com.br\/index.php\/wp-json\/wp\/v2\/pages"}],"about":[{"href":"https:\/\/www.alphatek.com.br\/index.php\/wp-json\/wp\/v2\/types\/page"}],"author":[{"embeddable":true,"href":"https:\/\/www.alphatek.com.br\/index.php\/wp-json\/wp\/v2\/users\/1"}],"replies":[{"embeddable":true,"href":"https:\/\/www.alphatek.com.br\/index.php\/wp-json\/wp\/v2\/comments?post=2144"}],"version-history":[{"count":8,"href":"https:\/\/www.alphatek.com.br\/index.php\/wp-json\/wp\/v2\/pages\/2144\/revisions"}],"predecessor-version":[{"id":2371,"href":"https:\/\/www.alphatek.com.br\/index.php\/wp-json\/wp\/v2\/pages\/2144\/revisions\/2371"}],"wp:attachment":[{"href":"https:\/\/www.alphatek.com.br\/index.php\/wp-json\/wp\/v2\/media?parent=2144"}],"curies":[{"name":"wp","href":"https:\/\/api.w.org\/{rel}","templated":true}]}}