{"id":2007,"date":"2022-09-09T11:52:48","date_gmt":"2022-09-09T14:52:48","guid":{"rendered":"http:\/\/localhost\/wordpress8\/?page_id=2007"},"modified":"2023-03-26T15:48:51","modified_gmt":"2023-03-26T18:48:51","slug":"filiais","status":"publish","type":"page","link":"https:\/\/www.alphatek.com.br\/index.php\/filiais\/","title":{"rendered":"Filiais"},"content":{"rendered":"<p>[vc_row css=&#8221;.vc_custom_1575620193226{padding-top: 80px !important;padding-bottom: 80px !important;background-image: url(http:\/\/localhost\/wordpress8\/wp-content\/uploads\/2018\/08\/pexels-photo-140983.jpeg?id=1002) !important;background-position: center !important;background-repeat: no-repeat !important;background-size: cover !important;}&#8221;][vc_column width=&#8221;1\/4&#8243;][\/vc_column][vc_column width=&#8221;1\/2&#8243;][vc_custom_heading text=&#8221;Filiais&#8221; font_container=&#8221;tag:h2|font_size:2.875rem|text_align:center&#8221; use_theme_fonts=&#8221;yes&#8221;][vc_empty_space height=&#8221;10px&#8221;][vc_custom_heading text=&#8221;Mais perto de voc\u00ea!&#8221; font_container=&#8221;tag:div|text_align:center&#8221; use_theme_fonts=&#8221;yes&#8221;][\/vc_column][vc_column width=&#8221;1\/4&#8243;][\/vc_column][\/vc_row][vc_row][vc_column offset=&#8221;vc_hidden-sm vc_hidden-xs&#8221;][vc_widget_sidebar sidebar_id=&#8221;sidebar-5b6cfa681b024&#8243;][\/vc_column][\/vc_row][vc_row css=&#8221;.vc_custom_1536635902854{margin-bottom: 60px !important;padding-top: 60px !important;}&#8221;][vc_column css_animation=&#8221;fadeInLeft&#8221; width=&#8221;1\/2&#8243; offset=&#8221;vc_col-xs-6&#8243;][vc_custom_heading text=&#8221;Filiais Alphatek: mais perto de voc\u00ea para solu\u00e7\u00f5es eficientes!&#8221; use_theme_fonts=&#8221;yes&#8221;][vc_empty_space height=&#8221;40px&#8221;][vc_column_text]<\/p>\n<p style=\"text-align: left;\">As nossas filiais em Macei\u00f3 e Macap\u00e1 foram criadas com o objetivo de oferecer um atendimento de proximidade aos nossos clientes nessas regi\u00f5es. Com equipes altamente capacitadas e uma infraestrutura completa, essas unidades est\u00e3o prontas para atender \u00e0s demandas dos clientes locais com agilidade, efici\u00eancia e qualidade. Al\u00e9m disso, a presen\u00e7a nessas regi\u00f5es nos permite entender melhor as particularidades do mercado local e desenvolver solu\u00e7\u00f5es personalizadas que atendam \u00e0s necessidades espec\u00edficas dos nossos clientes. Estamos comprometidos em expandir a nossa presen\u00e7a pelo pa\u00eds, sempre com o objetivo de oferecer o melhor servi\u00e7o e suporte aos nossos clientes em todas as regi\u00f5es em que atuamos.<\/p>\n<p><strong>Matriz &#8211; Sumar\u00e9<\/strong><\/p>\n<p>CNPJ: 18.677.057\/0001-95<\/p>\n<p>Rua Ipe Branco, 374 &#8211; Loteamento Industrial Veccon Zeta<br \/>\nSumare\u00a0&#8211;\u00a0SP\u00a0| CEP:\u00a013.178-541<\/p>\n<p>&nbsp;<\/p>\n<p><strong>Filial de Macei\u00f3\u00a0<\/strong><\/p>\n<p>CNPJ: 18.677.057\/0002-76<\/p>\n<p>Avenida Juca Sampaio, 2247, Loja 66 Cond Shop Miramar &#8211; Feitosa<br \/>\nMaceio\u00a0&#8211;\u00a0AL\u00a0| CEP:\u00a057.042-530<\/p>\n<p><strong>Filial de Macap\u00e1<\/strong><\/p>\n<p>CNPJ: 18.677.057\/0003-57<\/p>\n<p>Rua Eliezer Levy, 2067 &#8211; Central<br \/>\nMacapa\u00a0&#8211;\u00a0AP\u00a0| CEP:\u00a068.900-083[\/vc_column_text][\/vc_column][vc_column css_animation=&#8221;fadeInRight&#8221; width=&#8221;1\/2&#8243; offset=&#8221;vc_col-xs-6&#8243;][vc_single_image image=&#8221;2237&#8243; img_size=&#8221;full&#8221; alignment=&#8221;center&#8221; style=&#8221;vc_box_rounded&#8221; css_animation=&#8221;none&#8221;][\/vc_column][\/vc_row][vc_row][vc_column width=&#8221;1\/6&#8243;][\/vc_column][vc_column width=&#8221;2\/3&#8243;][vc_empty_space height=&#8221;30px&#8221;][\/vc_column][vc_column width=&#8221;1\/6&#8243;][\/vc_column][\/vc_row]<\/p>\n","protected":false},"excerpt":{"rendered":"<p>[vc_row css=&#8221;.vc_custom_1575620193226{padding-top: 80px !important;padding-bottom: 80px !important;background-image: url(http:\/\/localhost\/wordpress8\/wp-content\/uploads\/2018\/08\/pexels-photo-140983.jpeg?id=1002) !important;background-position: center !important;background-repeat: no-repeat !important;background-size: cover !important;}&#8221;][vc_column width=&#8221;1\/4&#8243;][\/vc_column][vc_column width=&#8221;1\/2&#8243;][vc_custom_heading text=&#8221;Filiais&#8221; font_container=&#8221;tag:h2|font_size:2.875rem|text_align:center&#8221; use_theme_fonts=&#8221;yes&#8221;][vc_empty_space height=&#8221;10px&#8221;][vc_custom_heading text=&#8221;Mais perto de voc\u00ea!&#8221; font_container=&#8221;tag:div|text_align:center&#8221; use_theme_fonts=&#8221;yes&#8221;][\/vc_column][vc_column width=&#8221;1\/4&#8243;][\/vc_column][\/vc_row][vc_row][vc_column offset=&#8221;vc_hidden-sm vc_hidden-xs&#8221;][vc_widget_sidebar sidebar_id=&#8221;sidebar-5b6cfa681b024&#8243;][\/vc_column][\/vc_row][vc_row css=&#8221;.vc_custom_1536635902854{margin-bottom: 60px !important;padding-top: 60px !important;}&#8221;][vc_column css_animation=&#8221;fadeInLeft&#8221; width=&#8221;1\/2&#8243; offset=&#8221;vc_col-xs-6&#8243;][vc_custom_heading text=&#8221;Filiais Alphatek: mais perto de voc\u00ea para solu\u00e7\u00f5es eficientes!&#8221; use_theme_fonts=&#8221;yes&#8221;][vc_empty_space height=&#8221;40px&#8221;][vc_column_text] As nossas filiais em Macei\u00f3 e [&hellip;]<\/p>\n","protected":false},"author":1,"featured_media":0,"parent":0,"menu_order":0,"comment_status":"closed","ping_status":"closed","template":"tmpl\/template-fullwidth.php","meta":{"_themeisle_gutenberg_block_has_review":false,"footnotes":""},"class_list":["post-2007","page","type-page","status-publish","hentry"],"acf":[],"_links":{"self":[{"href":"https:\/\/www.alphatek.com.br\/index.php\/wp-json\/wp\/v2\/pages\/2007","targetHints":{"allow":["GET"]}}],"collection":[{"href":"https:\/\/www.alphatek.com.br\/index.php\/wp-json\/wp\/v2\/pages"}],"about":[{"href":"https:\/\/www.alphatek.com.br\/index.php\/wp-json\/wp\/v2\/types\/page"}],"author":[{"embeddable":true,"href":"https:\/\/www.alphatek.com.br\/index.php\/wp-json\/wp\/v2\/users\/1"}],"replies":[{"embeddable":true,"href":"https:\/\/www.alphatek.com.br\/index.php\/wp-json\/wp\/v2\/comments?post=2007"}],"version-history":[{"count":3,"href":"https:\/\/www.alphatek.com.br\/index.php\/wp-json\/wp\/v2\/pages\/2007\/revisions"}],"predecessor-version":[{"id":2374,"href":"https:\/\/www.alphatek.com.br\/index.php\/wp-json\/wp\/v2\/pages\/2007\/revisions\/2374"}],"wp:attachment":[{"href":"https:\/\/www.alphatek.com.br\/index.php\/wp-json\/wp\/v2\/media?parent=2007"}],"curies":[{"name":"wp","href":"https:\/\/api.w.org\/{rel}","templated":true}]}}